{"id":96,"date":"2022-09-10T04:02:19","date_gmt":"2022-09-10T01:02:19","guid":{"rendered":"https:\/\/vinkler.ee\/?post_type=product&#038;p=96"},"modified":"2024-12-01T01:01:13","modified_gmt":"2024-11-30T23:01:13","slug":"taburett-pink","status":"publish","type":"product","link":"https:\/\/vinkler.ee\/en\/toode\/taburett-pink\/","title":{"rendered":"Taburett, pink"},"content":{"rendered":"","protected":false},"excerpt":{"rendered":"<p>Materjal: lepp<\/p>\n<p>Viimistlus: Vanutatud puit ja lakk<\/p>\n<p>M\u00f5\u00f5dud: 40x40x45cm<\/p>\n<p>Tellimusele on v\u00f5imalus ise j\u00e4rele tulla v\u00f5i lepime kokku tarnes.<br \/>\nKliendi soovil toome kaubad ise kohale v\u00f5i saadame kulleriga.<br \/>\nLisandub transpordi v\u00f5i kulleri tasu kokkuleppel kliendiga.<\/p>\n<p>Tarneaeg on laokaupadele 2-3 p\u00e4eva, valmistatavale tootele hinnanguliselt 2-14 p\u00e4eva. T\u00e4psustame enne tellimuse kinnitamist.<\/p>\n","protected":false},"featured_media":85,"comment_status":"open","ping_status":"closed","template":"","meta":{"slim_seo":{"title":"Taburett, pink - JAANI SAUNAPOOD","description":"Materjal: lepp Viimistlus: Vanutatud puit ja lakk M\u00f5\u00f5dud: 40x40x45cm Tellimusele on v\u00f5imalus ise j\u00e4rele tulla v\u00f5i lepime kokku tarnes. Kliendi soovil toome kaub"}},"product_brand":[],"product_cat":[20],"product_tag":[],"class_list":{"0":"post-96","1":"product","2":"type-product","3":"status-publish","4":"has-post-thumbnail","6":"product_cat-toolid-ja-pingid","8":"first","9":"instock","10":"shipping-taxable","11":"purchasable","12":"product-type-simple"},"jetpack_sharing_enabled":true,"_links":{"self":[{"href":"https:\/\/vinkler.ee\/en\/wp-json\/wp\/v2\/product\/96","targetHints":{"allow":["GET"]}}],"collection":[{"href":"https:\/\/vinkler.ee\/en\/wp-json\/wp\/v2\/product"}],"about":[{"href":"https:\/\/vinkler.ee\/en\/wp-json\/wp\/v2\/types\/product"}],"replies":[{"embeddable":true,"href":"https:\/\/vinkler.ee\/en\/wp-json\/wp\/v2\/comments?post=96"}],"wp:featuredmedia":[{"embeddable":true,"href":"https:\/\/vinkler.ee\/en\/wp-json\/wp\/v2\/media\/85"}],"wp:attachment":[{"href":"https:\/\/vinkler.ee\/en\/wp-json\/wp\/v2\/media?parent=96"}],"wp:term":[{"taxonomy":"product_brand","embeddable":true,"href":"https:\/\/vinkler.ee\/en\/wp-json\/wp\/v2\/product_brand?post=96"},{"taxonomy":"product_cat","embeddable":true,"href":"https:\/\/vinkler.ee\/en\/wp-json\/wp\/v2\/product_cat?post=96"},{"taxonomy":"product_tag","embeddable":true,"href":"https:\/\/vinkler.ee\/en\/wp-json\/wp\/v2\/product_tag?post=96"}],"curies":[{"name":"wp","href":"https:\/\/api.w.org\/{rel}","templated":true}]}}