{"id":642,"date":"2025-08-17T11:55:50","date_gmt":"2025-08-17T08:55:50","guid":{"rendered":"https:\/\/vinkler.ee\/?post_type=product&#038;p=642"},"modified":"2025-08-17T11:55:50","modified_gmt":"2025-08-17T08:55:50","slug":"aiatool-kokkupandav","status":"publish","type":"product","link":"https:\/\/vinkler.ee\/en\/toode\/aiatool-kokkupandav\/","title":{"rendered":"AIATOOL KOKKUPANDAV"},"content":{"rendered":"","protected":false},"excerpt":{"rendered":"<p>Kokkupandavad aiatoolidel on stiilne disain, mugav istumine, lihtne kokkupanek. Mahub ideaalselt ka v\u00e4iksemasse s\u00f5idukisse puhkusele kaasa.<br \/>\nMaterjaliks kasutame peamiselt m\u00e4nnipuitu.<br \/>\nViimistletud Teak Oil puidu\u00f5liga<\/p>\n<p>Tellimusele on v\u00f5imalus ise j\u00e4rele tulla v\u00f5i lepime kokku tarnes.<br \/>\nKliendi soovil toome kaubad ise kohale v\u00f5i saadame kulleriga.<br \/>\nLisandub transpordi v\u00f5i kulleri tasu kokkuleppel kliendiga.<\/p>\n<p>Tarneaeg on laokaupadele 2-3 p\u00e4eva, valmistatavale tootele hinnanguliselt 2-14 p\u00e4eva. T\u00e4psustame enne tellimuse kinnitamist.<br \/>\nInfo tel. +372 5257211<\/p>\n","protected":false},"featured_media":643,"comment_status":"open","ping_status":"closed","template":"","meta":{"slim_seo":{"title":"[:et]AIATOOL KOKKUPANDAV[:] - JAANI SAUNAPOOD","description":"[:et]Kokkupandavad aiatoolidel on stiilne disain, mugav istumine, lihtne kokkupanek. Mahub ideaalselt ka v\u00e4iksemasse s\u00f5idukisse puhkusele kaasa. Materjaliks kas"}},"product_brand":[],"product_cat":[20],"product_tag":[],"class_list":{"0":"post-642","1":"product","2":"type-product","3":"status-publish","4":"has-post-thumbnail","6":"product_cat-toolid-ja-pingid","8":"first","9":"instock","10":"sale","11":"shipping-taxable","12":"purchasable","13":"product-type-simple"},"jetpack_sharing_enabled":true,"_links":{"self":[{"href":"https:\/\/vinkler.ee\/en\/wp-json\/wp\/v2\/product\/642","targetHints":{"allow":["GET"]}}],"collection":[{"href":"https:\/\/vinkler.ee\/en\/wp-json\/wp\/v2\/product"}],"about":[{"href":"https:\/\/vinkler.ee\/en\/wp-json\/wp\/v2\/types\/product"}],"replies":[{"embeddable":true,"href":"https:\/\/vinkler.ee\/en\/wp-json\/wp\/v2\/comments?post=642"}],"wp:featuredmedia":[{"embeddable":true,"href":"https:\/\/vinkler.ee\/en\/wp-json\/wp\/v2\/media\/643"}],"wp:attachment":[{"href":"https:\/\/vinkler.ee\/en\/wp-json\/wp\/v2\/media?parent=642"}],"wp:term":[{"taxonomy":"product_brand","embeddable":true,"href":"https:\/\/vinkler.ee\/en\/wp-json\/wp\/v2\/product_brand?post=642"},{"taxonomy":"product_cat","embeddable":true,"href":"https:\/\/vinkler.ee\/en\/wp-json\/wp\/v2\/product_cat?post=642"},{"taxonomy":"product_tag","embeddable":true,"href":"https:\/\/vinkler.ee\/en\/wp-json\/wp\/v2\/product_tag?post=642"}],"curies":[{"name":"wp","href":"https:\/\/api.w.org\/{rel}","templated":true}]}}