{"id":634,"date":"2025-06-04T21:52:26","date_gmt":"2025-06-04T18:52:26","guid":{"rendered":"https:\/\/vinkler.ee\/?post_type=product&#038;p=634"},"modified":"2025-06-04T22:02:04","modified_gmt":"2025-06-04T19:02:04","slug":"aiamoobli-komplekt-21","status":"publish","type":"product","link":"https:\/\/vinkler.ee\/en\/toode\/aiamoobli-komplekt-21\/","title":{"rendered":"Aiam\u00f6\u00f6bli komplekt 2+1"},"content":{"rendered":"","protected":false},"excerpt":{"rendered":"<p>Aiam\u00f6\u00f6bli komplekt on valmistatud massiivse disainina. Loodud kestma!<br \/>\nPinkidel on lai istumise koht ja mugava kaldega seljatugi. J\u00f5ulised jalad peavad vastu ka raskemates tingimustes.<br \/>\nM\u00f5\u00f5dud: pikkus 1500mm k\u00f5rgus 750mm laius laual 800mm ja pingil 400mm<br \/>\nViimistlus puidu\u00f5li Teak Oil<\/p>\n[embed]https:\/\/www.tiktok.com\/@ketlinvinkler99\/video\/7498788420655811862?is_from_webapp=1&#038;sender_device=pc&#038;web_id=7498860049152345622&#038;fbclid=IwY2xjawKtdpxleHRuA2FlbQIxMQBicmlkETBDZ0dwTGxDYWJERDVlUTdrAR550BKsCjwSEyVX_A4p6EHQ94jBJ75Ctl6gE2YF6MkWLtmUGYFjj8qNizBR2A_aem_1PBEeywqv_co-0hUH0RNfQ[\/embed]\n","protected":false},"featured_media":635,"comment_status":"open","ping_status":"closed","template":"","meta":{"slim_seo":{"title":"[:et]Aiam\u00f6\u00f6bli komplekt 2+1[:] - JAANI SAUNAPOOD","description":"[:et]Aiam\u00f6\u00f6bli komplekt on valmistatud massiivse disainina. Loodud kestma! Pinkidel on lai istumise koht ja mugava kaldega seljatugi. J\u00f5ulised jalad peavad vast"}},"product_brand":[],"product_cat":[19],"product_tag":[],"class_list":{"0":"post-634","1":"product","2":"type-product","3":"status-publish","4":"has-post-thumbnail","6":"product_cat-lauad-ja-komplektid","8":"first","9":"instock","10":"shipping-taxable","11":"purchasable","12":"product-type-simple"},"jetpack_sharing_enabled":true,"_links":{"self":[{"href":"https:\/\/vinkler.ee\/en\/wp-json\/wp\/v2\/product\/634","targetHints":{"allow":["GET"]}}],"collection":[{"href":"https:\/\/vinkler.ee\/en\/wp-json\/wp\/v2\/product"}],"about":[{"href":"https:\/\/vinkler.ee\/en\/wp-json\/wp\/v2\/types\/product"}],"replies":[{"embeddable":true,"href":"https:\/\/vinkler.ee\/en\/wp-json\/wp\/v2\/comments?post=634"}],"wp:featuredmedia":[{"embeddable":true,"href":"https:\/\/vinkler.ee\/en\/wp-json\/wp\/v2\/media\/635"}],"wp:attachment":[{"href":"https:\/\/vinkler.ee\/en\/wp-json\/wp\/v2\/media?parent=634"}],"wp:term":[{"taxonomy":"product_brand","embeddable":true,"href":"https:\/\/vinkler.ee\/en\/wp-json\/wp\/v2\/product_brand?post=634"},{"taxonomy":"product_cat","embeddable":true,"href":"https:\/\/vinkler.ee\/en\/wp-json\/wp\/v2\/product_cat?post=634"},{"taxonomy":"product_tag","embeddable":true,"href":"https:\/\/vinkler.ee\/en\/wp-json\/wp\/v2\/product_tag?post=634"}],"curies":[{"name":"wp","href":"https:\/\/api.w.org\/{rel}","templated":true}]}}