{"id":626,"date":"2025-06-03T02:48:05","date_gmt":"2025-06-02T23:48:05","guid":{"rendered":"https:\/\/vinkler.ee\/?post_type=product&#038;p=626"},"modified":"2025-06-03T02:48:06","modified_gmt":"2025-06-02T23:48:06","slug":"vaike-terrassi-trepp","status":"publish","type":"product","link":"https:\/\/vinkler.ee\/en\/toode\/vaike-terrassi-trepp\/","title":{"rendered":"V\u00c4IKE TERRASSI TREPP"},"content":{"rendered":"","protected":false},"excerpt":{"rendered":"<p>Valmistame Teie objektil soovitud kujundi j\u00e4rgi sobiva terrassi.<br \/>\nTerrassi planeerimisel soovitame l\u00e4bim\u00f5elda j\u00e4rgnevad aspektid: asukoht, sobilik pindala, terrassi k\u00f5rgis, materjali valik (nt. immutatud puit, termolaudis, komposiit materjalist laudis), valgustus, varikatus, piirded.<br \/>\nK\u00f5ike eelnevat arvestades koostame Teile personaalse pakkumise ning sobivuse korral asume t\u00f6\u00f6le.<\/p>\n<p>V\u00f5ta \u00fchendust allpool olevatel kontaktidel ja teeme teile sobiva pakkumise.<br \/>\nTel. +372 5257211 v\u00f5i e-post: jaan@wektor.ee<\/p>\n<p>Tarneaeg on valmistatavale tootele kokkuleppel. T\u00e4psustame enne tellimuse kinnitamist.<\/p>\n","protected":false},"featured_media":627,"comment_status":"open","ping_status":"closed","template":"","meta":{"slim_seo":{"title":"[:et]V\u00c4IKE TERRASSI TREPP[:] - JAANI SAUNAPOOD","description":"[:et]Valmistame Teie objektil soovitud kujundi j\u00e4rgi sobiva terrassi. Terrassi planeerimisel soovitame l\u00e4bim\u00f5elda j\u00e4rgnevad aspektid: asukoht, sobilik pindala,"}},"product_brand":[],"product_cat":[37],"product_tag":[],"class_list":{"0":"post-626","1":"product","2":"type-product","3":"status-publish","4":"has-post-thumbnail","6":"product_cat-terrassid","8":"first","9":"instock","10":"shipping-taxable","11":"product-type-simple"},"jetpack_sharing_enabled":true,"_links":{"self":[{"href":"https:\/\/vinkler.ee\/en\/wp-json\/wp\/v2\/product\/626","targetHints":{"allow":["GET"]}}],"collection":[{"href":"https:\/\/vinkler.ee\/en\/wp-json\/wp\/v2\/product"}],"about":[{"href":"https:\/\/vinkler.ee\/en\/wp-json\/wp\/v2\/types\/product"}],"replies":[{"embeddable":true,"href":"https:\/\/vinkler.ee\/en\/wp-json\/wp\/v2\/comments?post=626"}],"wp:featuredmedia":[{"embeddable":true,"href":"https:\/\/vinkler.ee\/en\/wp-json\/wp\/v2\/media\/627"}],"wp:attachment":[{"href":"https:\/\/vinkler.ee\/en\/wp-json\/wp\/v2\/media?parent=626"}],"wp:term":[{"taxonomy":"product_brand","embeddable":true,"href":"https:\/\/vinkler.ee\/en\/wp-json\/wp\/v2\/product_brand?post=626"},{"taxonomy":"product_cat","embeddable":true,"href":"https:\/\/vinkler.ee\/en\/wp-json\/wp\/v2\/product_cat?post=626"},{"taxonomy":"product_tag","embeddable":true,"href":"https:\/\/vinkler.ee\/en\/wp-json\/wp\/v2\/product_tag?post=626"}],"curies":[{"name":"wp","href":"https:\/\/api.w.org\/{rel}","templated":true}]}}