{"id":618,"date":"2025-06-03T02:06:11","date_gmt":"2025-06-02T23:06:11","guid":{"rendered":"https:\/\/vinkler.ee\/?post_type=product&#038;p=618"},"modified":"2025-06-03T21:13:35","modified_gmt":"2025-06-03T18:13:35","slug":"2-5x4-suvemaja","status":"publish","type":"product","link":"https:\/\/vinkler.ee\/en\/toode\/2-5x4-suvemaja\/","title":{"rendered":"2.5&#215;4 SUVEMAJA"},"content":{"rendered":"","protected":false},"excerpt":{"rendered":"<p>Suvemajad valmistame kliendisoove arvestades 50x100mm ja 50x150mm ristl\u00f5ikega kvaliteetsest puitmaterjalist.<br \/>\nSoojustatud 100mm kivivillaga, lagi ja p\u00f5rand 150mm kivivillaga. V\u00f5imalikud variandid aastaringseks elamiseks.<br \/>\nVarustatud 2x klaaspakettiga akendega (2tk) ja puituks. Elektri, vee ja kanalisatsiooni varustus.<br \/>\nSiseviimistlus variandid kliendi soovil, standardis kuuse v\u00f5i m\u00e4nni voodrilaud.<br \/>\nV\u00f5imalik paigaldada kamin, soodsad \u00f5hksoojuspumbad ning sisustada puitm\u00f6\u00f6bliga<br \/>\nMaja ette v\u00f5imalus valmistada terrass, varikatus v\u00f5i grillnurgake.<\/p>\n<p>V\u00f5ta \u00fchendust allpool olevatel kontaktidel ja teeme teile sobiva pakkumise.<br \/>\nTel. +372 5257211 v\u00f5i e-post: jaan@wektor.ee<\/p>\n<p>Tellimusele on v\u00f5imalus ise j\u00e4rele tulla v\u00f5i lepime kokku tarnes.<br \/>\nKliendi soovil toome kaubad ise kohale, lisandub transpordi tasu.<\/p>\n<p>Tarneaeg on valmistatavale tootele kokkuleppel. T\u00e4psustame enne tellimuse kinnitamist.<\/p>\n","protected":false},"featured_media":619,"comment_status":"open","ping_status":"closed","template":"","meta":{"slim_seo":{"title":"[:et]2.5x4 SUVEMAJA[:] - JAANI SAUNAPOOD","description":"[:et]Suvemajad valmistame kliendisoove arvestades 50x100mm ja 50x150mm ristl\u00f5ikega kvaliteetsest puitmaterjalist. Soojustatud 100mm kivivillaga, lagi ja p\u00f5rand"}},"product_brand":[],"product_cat":[31],"product_tag":[],"class_list":{"0":"post-618","1":"product","2":"type-product","3":"status-publish","4":"has-post-thumbnail","6":"product_cat-soojustatud-suvemajad","8":"first","9":"instock","10":"shipping-taxable","11":"purchasable","12":"product-type-simple"},"jetpack_sharing_enabled":true,"_links":{"self":[{"href":"https:\/\/vinkler.ee\/en\/wp-json\/wp\/v2\/product\/618","targetHints":{"allow":["GET"]}}],"collection":[{"href":"https:\/\/vinkler.ee\/en\/wp-json\/wp\/v2\/product"}],"about":[{"href":"https:\/\/vinkler.ee\/en\/wp-json\/wp\/v2\/types\/product"}],"replies":[{"embeddable":true,"href":"https:\/\/vinkler.ee\/en\/wp-json\/wp\/v2\/comments?post=618"}],"wp:featuredmedia":[{"embeddable":true,"href":"https:\/\/vinkler.ee\/en\/wp-json\/wp\/v2\/media\/619"}],"wp:attachment":[{"href":"https:\/\/vinkler.ee\/en\/wp-json\/wp\/v2\/media?parent=618"}],"wp:term":[{"taxonomy":"product_brand","embeddable":true,"href":"https:\/\/vinkler.ee\/en\/wp-json\/wp\/v2\/product_brand?post=618"},{"taxonomy":"product_cat","embeddable":true,"href":"https:\/\/vinkler.ee\/en\/wp-json\/wp\/v2\/product_cat?post=618"},{"taxonomy":"product_tag","embeddable":true,"href":"https:\/\/vinkler.ee\/en\/wp-json\/wp\/v2\/product_tag?post=618"}],"curies":[{"name":"wp","href":"https:\/\/api.w.org\/{rel}","templated":true}]}}