{"id":612,"date":"2025-06-03T01:12:21","date_gmt":"2025-06-02T22:12:21","guid":{"rendered":"https:\/\/vinkler.ee\/?post_type=product&#038;p=612"},"modified":"2025-08-11T14:52:30","modified_gmt":"2025-08-11T11:52:30","slug":"jaani-minisaun-2x3","status":"publish","type":"product","link":"https:\/\/vinkler.ee\/en\/toode\/jaani-minisaun-2x3\/","title":{"rendered":"JAANI MINISAUN 2X3"},"content":{"rendered":"","protected":false},"excerpt":{"rendered":"<p>V\u00e4ikesed mini saunad on m\u00f5eldud eelk\u00f5ige 2-4 inimese kasutamiseks.<br \/>\nKahe ruumilises saunas on piisavalt ruumi, et nautida head leili ja puhata eesruumis v\u00f5i sauna ees terrassil.<br \/>\nJAANI MINISAUN on valmistatud puitkarkass tehnoloogial 140mm seinaga, soojustatud 100mm kivivillaga, seest kaetud foolium aurut\u00f5kkega (takistamaks niiskuse liikumist konstruktsioonidesse), viimistletud lepalauast sisevoodriga. P\u00f5rand on terrassilauast. Varustatud 2x klaaspakettiga akendega ja puit v\u00f5i klaas uks 2tk. Sauna komplekt ei sisalda kerise maksumust.<br \/>\nV\u00f5imalik paigaldada elektri v\u00f5i puukeris ning sisustada puitm\u00f6\u00f6bliga.<\/p>\n<p>V\u00f5ta \u00fchendust allpool olevatel kontaktidel ja teeme teile sobiva pakkumise.<br \/>\nTel. +372 5257211 v\u00f5i e-post: jaan@wektor.ee<\/p>\n<p>Tellimusele on v\u00f5imalus ise j\u00e4rele tulla v\u00f5i lepime kokku tarnes.<br \/>\nKliendi soovil toome kaubad ise kohale, lisandub transpordi tasu.<\/p>\n<p>Tarneaeg on valmistatavale tootele kokkuleppel. T\u00e4psustame enne tellimuse kinnitamist.<\/p>\n","protected":false},"featured_media":604,"comment_status":"open","ping_status":"closed","template":"","meta":{"slim_seo":{"title":"[:et]JAANI MINISAUN 2X3[:] - JAANI SAUNAPOOD","description":"[:et]V\u00e4ikesed mini saunad on m\u00f5eldud eelk\u00f5ige 2-4 inimese kasutamiseks. Kahe ruumilises saunas on piisavalt ruumi, et nautida head leili ja puhata eesruumis v\u00f5i"}},"product_brand":[],"product_cat":[],"product_tag":[],"class_list":{"0":"post-612","1":"product","2":"type-product","3":"status-publish","4":"has-post-thumbnail","7":"first","8":"instock","9":"shipping-taxable","10":"purchasable","11":"product-type-simple"},"jetpack_sharing_enabled":true,"_links":{"self":[{"href":"https:\/\/vinkler.ee\/en\/wp-json\/wp\/v2\/product\/612","targetHints":{"allow":["GET"]}}],"collection":[{"href":"https:\/\/vinkler.ee\/en\/wp-json\/wp\/v2\/product"}],"about":[{"href":"https:\/\/vinkler.ee\/en\/wp-json\/wp\/v2\/types\/product"}],"replies":[{"embeddable":true,"href":"https:\/\/vinkler.ee\/en\/wp-json\/wp\/v2\/comments?post=612"}],"wp:featuredmedia":[{"embeddable":true,"href":"https:\/\/vinkler.ee\/en\/wp-json\/wp\/v2\/media\/604"}],"wp:attachment":[{"href":"https:\/\/vinkler.ee\/en\/wp-json\/wp\/v2\/media?parent=612"}],"wp:term":[{"taxonomy":"product_brand","embeddable":true,"href":"https:\/\/vinkler.ee\/en\/wp-json\/wp\/v2\/product_brand?post=612"},{"taxonomy":"product_cat","embeddable":true,"href":"https:\/\/vinkler.ee\/en\/wp-json\/wp\/v2\/product_cat?post=612"},{"taxonomy":"product_tag","embeddable":true,"href":"https:\/\/vinkler.ee\/en\/wp-json\/wp\/v2\/product_tag?post=612"}],"curies":[{"name":"wp","href":"https:\/\/api.w.org\/{rel}","templated":true}]}}