{"id":584,"date":"2024-11-30T11:46:15","date_gmt":"2024-11-30T09:46:15","guid":{"rendered":"https:\/\/vinkler.ee\/?post_type=product&#038;p=584"},"modified":"2025-08-11T14:51:25","modified_gmt":"2025-08-11T11:51:25","slug":"2-5x5-5-minisaun-getter","status":"publish","type":"product","link":"https:\/\/vinkler.ee\/en\/toode\/2-5x5-5-minisaun-getter\/","title":{"rendered":"GETTERI MINISAUN 2.5&#215;5.0"},"content":{"rendered":"","protected":false},"excerpt":{"rendered":"<p>GETTERI MINISAUN on kolmeruumiline avara hubase leiliruumiga, pesuruumiga, ning suure eesruumiga. Mugavalt 3-4 inimese kasutamiseks.<br \/>\nStandardis on leili ja pesuruumis soojustatud, vee \u00e4ravooluks hea kaldega p\u00f5rand, mis kaetud immutatud terrassilauast eemaldatava p\u00f5randaga (lihtsustab oluliselt p\u00f5randa hooldust). Eesruumis on kuuselauast soojustatud p\u00f5rand.<br \/>\nSauna konstruktsioon on valmistatud puitkarkass tehnoloogial 170mm paksud, seinad soojustatud 100mm kivivillaga, lagi ja p\u00f5rand 150mm kivivillaga, seest paigaldatud aurut\u00f5ke takistamaks niiskuse levikut konstruktsioonidesse.<br \/>\nSaunal on eesruumis suur 2x klaaspakettiga aken ja leiliruumis v\u00e4ike tuulutus aken. Kaks klaasist saunaust ja puituks.<br \/>\nSiseviimistlus variandid kliendi soovil, standardis kuuse v\u00f5i m\u00e4nni voodrilaud, leiliruumis lepalaud.<br \/>\nSaunamaja maksumus ei sisalda saunakerist. V\u00f5imalik paigaldada elektri v\u00f5i puukeris ning sisustada puitm\u00f6\u00f6bliga.<br \/>\nLisana v\u00f5imalik paigaldada veevarustus, boiler, du\u0161\u0161inurk, pesuruumis seintele kahhelplaat.<\/p>\n<p>V\u00f5ta \u00fchendust allpool olevatel kontaktidel ja teeme teile sobiva pakkumise.<br \/>\nTel. +372 5257211 v\u00f5i e-post: jaan@wektor.ee<\/p>\n<p>Tellimusele on v\u00f5imalus ise j\u00e4rele tulla v\u00f5i lepime kokku tarnes.<br \/>\nKliendi soovil toome kaubad ise kohale ja paigaldame kliendi krundile. Lisandub transpordi ja paigalduse tasu.<\/p>\n<p>Tarneaeg on valmistatavale tootele kokkuleppel. T\u00e4psustame enne tellimuse kinnitamist.<\/p>\n","protected":false},"featured_media":574,"comment_status":"open","ping_status":"closed","template":"","meta":{"slim_seo":{"title":"[:et]GETTERI MINISAUN 2.5x5.0[:] - JAANI SAUNAPOOD","description":"[:et]GETTERI MINISAUN on kolmeruumiline avara hubase leiliruumiga, pesuruumiga, ning suure eesruumiga. Mugavalt 3-4 inimese kasutamiseks. Standardis on leili ja"}},"product_brand":[],"product_cat":[],"product_tag":[],"class_list":{"0":"post-584","1":"product","2":"type-product","3":"status-publish","4":"has-post-thumbnail","7":"first","8":"instock","9":"shipping-taxable","10":"purchasable","11":"product-type-simple"},"jetpack_sharing_enabled":true,"_links":{"self":[{"href":"https:\/\/vinkler.ee\/en\/wp-json\/wp\/v2\/product\/584","targetHints":{"allow":["GET"]}}],"collection":[{"href":"https:\/\/vinkler.ee\/en\/wp-json\/wp\/v2\/product"}],"about":[{"href":"https:\/\/vinkler.ee\/en\/wp-json\/wp\/v2\/types\/product"}],"replies":[{"embeddable":true,"href":"https:\/\/vinkler.ee\/en\/wp-json\/wp\/v2\/comments?post=584"}],"wp:featuredmedia":[{"embeddable":true,"href":"https:\/\/vinkler.ee\/en\/wp-json\/wp\/v2\/media\/574"}],"wp:attachment":[{"href":"https:\/\/vinkler.ee\/en\/wp-json\/wp\/v2\/media?parent=584"}],"wp:term":[{"taxonomy":"product_brand","embeddable":true,"href":"https:\/\/vinkler.ee\/en\/wp-json\/wp\/v2\/product_brand?post=584"},{"taxonomy":"product_cat","embeddable":true,"href":"https:\/\/vinkler.ee\/en\/wp-json\/wp\/v2\/product_cat?post=584"},{"taxonomy":"product_tag","embeddable":true,"href":"https:\/\/vinkler.ee\/en\/wp-json\/wp\/v2\/product_tag?post=584"}],"curies":[{"name":"wp","href":"https:\/\/api.w.org\/{rel}","templated":true}]}}