{"id":556,"date":"2024-08-14T22:22:39","date_gmt":"2024-08-14T19:22:39","guid":{"rendered":"https:\/\/vinkler.ee\/?post_type=product&#038;p=556"},"modified":"2024-08-14T22:22:40","modified_gmt":"2024-08-14T19:22:40","slug":"valikaimla-1500-x1200","status":"publish","type":"product","link":"https:\/\/vinkler.ee\/en\/toode\/valikaimla-1500-x1200\/","title":{"rendered":"V\u00e4lik\u00e4imla 1500 x1200"},"content":{"rendered":"","protected":false},"excerpt":{"rendered":"<p>Toote hind on viimistlematta majale,<br \/>\nviimistlusega hind kujuneb valitud viimistluse variandist, lisandub ca 200\u20ac<\/p>\n<p>Materjal: m\u00e4nni v\u00f5i kuusepuit<\/p>\n<p>P\u00f5hjam\u00f5\u00f5dud 1500mm x 1200mm k\u00f5rgus ca 2300mm<\/p>\n<p>Valmistatakse kliendi tellimusel, v\u00f5imalus valida soojustatud kujul, erinevad katusematerjalid ning v\u00e4lisviimistlus.<\/p>\n<p>P\u00e4rast tellimuse vormistamist v\u00f5tame sinuga \u00fchendust ja t\u00e4psustame tellimuse \u00fcksikasjad. Info telefoni teel +372 5257211<\/p>\n<p>Tellimusele on v\u00f5imalus ise j\u00e4rele tulla v\u00f5i lepime kokku tarnes.<br \/>\nKliendi soovil toome kaubad ise kohale v\u00f5i saadame kulleriga.<br \/>\nLisandub transpordi v\u00f5i kulleri tasu kokkuleppel kliendiga.<\/p>\n","protected":false},"featured_media":557,"comment_status":"open","ping_status":"closed","template":"","meta":{"slim_seo":{"description":"V\u00e4lik\u00e4imla 1500 x1200 - JAANI SAUNA POOD","title":"[:et]V\u00e4lik\u00e4imla 1500 x1200[:] - JAANI SAUNAPOOD"}},"product_brand":[],"product_cat":[30],"product_tag":[],"class_list":{"0":"post-556","1":"product","2":"type-product","3":"status-publish","4":"has-post-thumbnail","6":"product_cat-valikaimlad-wc","8":"first","9":"instock","10":"shipping-taxable","11":"purchasable","12":"product-type-simple"},"jetpack_sharing_enabled":true,"_links":{"self":[{"href":"https:\/\/vinkler.ee\/en\/wp-json\/wp\/v2\/product\/556","targetHints":{"allow":["GET"]}}],"collection":[{"href":"https:\/\/vinkler.ee\/en\/wp-json\/wp\/v2\/product"}],"about":[{"href":"https:\/\/vinkler.ee\/en\/wp-json\/wp\/v2\/types\/product"}],"replies":[{"embeddable":true,"href":"https:\/\/vinkler.ee\/en\/wp-json\/wp\/v2\/comments?post=556"}],"wp:featuredmedia":[{"embeddable":true,"href":"https:\/\/vinkler.ee\/en\/wp-json\/wp\/v2\/media\/557"}],"wp:attachment":[{"href":"https:\/\/vinkler.ee\/en\/wp-json\/wp\/v2\/media?parent=556"}],"wp:term":[{"taxonomy":"product_brand","embeddable":true,"href":"https:\/\/vinkler.ee\/en\/wp-json\/wp\/v2\/product_brand?post=556"},{"taxonomy":"product_cat","embeddable":true,"href":"https:\/\/vinkler.ee\/en\/wp-json\/wp\/v2\/product_cat?post=556"},{"taxonomy":"product_tag","embeddable":true,"href":"https:\/\/vinkler.ee\/en\/wp-json\/wp\/v2\/product_tag?post=556"}],"curies":[{"name":"wp","href":"https:\/\/api.w.org\/{rel}","templated":true}]}}