{"id":541,"date":"2024-08-14T00:51:50","date_gmt":"2024-08-13T21:51:50","guid":{"rendered":"https:\/\/vinkler.ee\/?post_type=product&#038;p=541"},"modified":"2024-08-14T00:51:50","modified_gmt":"2024-08-13T21:51:50","slug":"puude-ja-tooriistade-kuur-3","status":"publish","type":"product","link":"https:\/\/vinkler.ee\/en\/toode\/puude-ja-tooriistade-kuur-3\/","title":{"rendered":"Puude ja t\u00f6\u00f6riistade kuur"},"content":{"rendered":"","protected":false},"excerpt":{"rendered":"<p>Valmistatakse puitkarkassil ristl\u00f5ikega 50\u00d770<br \/>\nViimistlus ja m\u00f5\u00f5tmed kokkuleppel kliendiga.<\/p>\n<p>V\u00f5ta \u00fchendust allpool olevatel kontaktidel ja teeme teile sobiva pakkumise.<br \/>\nTel. +372 5257211 v\u00f5i e-post: jaan@wektor.ee<\/p>\n","protected":false},"featured_media":542,"comment_status":"open","ping_status":"closed","template":"","meta":{"slim_seo":{"description":"Puude ja t\u00f6\u00f6riistade kuur","title":"[:et]Puude ja t\u00f6\u00f6riistade kuur[:] - JAANI SAUNAPOOD"}},"product_brand":[],"product_cat":[21],"product_tag":[],"class_list":{"0":"post-541","1":"product","2":"type-product","3":"status-publish","4":"has-post-thumbnail","6":"product_cat-kasvuhooned-kuurid","8":"first","9":"instock","10":"shipping-taxable","11":"product-type-simple"},"jetpack_sharing_enabled":true,"_links":{"self":[{"href":"https:\/\/vinkler.ee\/en\/wp-json\/wp\/v2\/product\/541","targetHints":{"allow":["GET"]}}],"collection":[{"href":"https:\/\/vinkler.ee\/en\/wp-json\/wp\/v2\/product"}],"about":[{"href":"https:\/\/vinkler.ee\/en\/wp-json\/wp\/v2\/types\/product"}],"replies":[{"embeddable":true,"href":"https:\/\/vinkler.ee\/en\/wp-json\/wp\/v2\/comments?post=541"}],"wp:featuredmedia":[{"embeddable":true,"href":"https:\/\/vinkler.ee\/en\/wp-json\/wp\/v2\/media\/542"}],"wp:attachment":[{"href":"https:\/\/vinkler.ee\/en\/wp-json\/wp\/v2\/media?parent=541"}],"wp:term":[{"taxonomy":"product_brand","embeddable":true,"href":"https:\/\/vinkler.ee\/en\/wp-json\/wp\/v2\/product_brand?post=541"},{"taxonomy":"product_cat","embeddable":true,"href":"https:\/\/vinkler.ee\/en\/wp-json\/wp\/v2\/product_cat?post=541"},{"taxonomy":"product_tag","embeddable":true,"href":"https:\/\/vinkler.ee\/en\/wp-json\/wp\/v2\/product_tag?post=541"}],"curies":[{"name":"wp","href":"https:\/\/api.w.org\/{rel}","templated":true}]}}