{"id":530,"date":"2024-05-13T22:54:29","date_gmt":"2024-05-13T19:54:29","guid":{"rendered":"https:\/\/vinkler.ee\/?post_type=product&#038;p=530"},"modified":"2024-08-15T01:11:49","modified_gmt":"2024-08-14T22:11:49","slug":"aiatool-reguleeritava-seljatoega","status":"publish","type":"product","link":"https:\/\/vinkler.ee\/en\/toode\/aiatool-reguleeritava-seljatoega\/","title":{"rendered":"Aiatool reguleeritava seljatoega"},"content":{"rendered":"","protected":false},"excerpt":{"rendered":"<p>Lihtsasti reguleeritava seljatoega mugava istumisega.<br \/>\nMaterjaliks peamiselt m\u00e4nnipuit.<\/p>\n<p>Viimistletud Teak Oil puidu\u00f5liga<\/p>\n<p>Tellimusele on v\u00f5imalus ise j\u00e4rele tulla v\u00f5i lepime kokku tarnes.<br \/>\nKliendi soovil toome kaubad ise kohale v\u00f5i saadame kulleriga.<br \/>\nLisandub transpordi v\u00f5i kulleri tasu kokkuleppel kliendiga.<\/p>\n<p>Tarneaeg on laokaupadele 2-3 p\u00e4eva, valmistatavale tootele hinnanguliselt 2-14 p\u00e4eva. T\u00e4psustame enne tellimuse kinnitamist<\/p>\n","protected":false},"featured_media":561,"comment_status":"open","ping_status":"closed","template":"","meta":{"slim_seo":{"title":"[:et]Aiatool reguleeritava seljatoega[:] - JAANI SAUNAPOOD","description":"[:et]Lihtsasti reguleeritava seljatoega mugava istumisega. Materjaliks peamiselt m\u00e4nnipuit. Viimistletud Teak Oil puidu\u00f5liga Tellimusele on v\u00f5imalus ise j\u00e4rele"}},"product_brand":[],"product_cat":[20],"product_tag":[],"class_list":{"0":"post-530","1":"product","2":"type-product","3":"status-publish","4":"has-post-thumbnail","6":"product_cat-toolid-ja-pingid","8":"first","9":"instock","10":"shipping-taxable","11":"purchasable","12":"product-type-simple"},"jetpack_sharing_enabled":true,"_links":{"self":[{"href":"https:\/\/vinkler.ee\/en\/wp-json\/wp\/v2\/product\/530","targetHints":{"allow":["GET"]}}],"collection":[{"href":"https:\/\/vinkler.ee\/en\/wp-json\/wp\/v2\/product"}],"about":[{"href":"https:\/\/vinkler.ee\/en\/wp-json\/wp\/v2\/types\/product"}],"replies":[{"embeddable":true,"href":"https:\/\/vinkler.ee\/en\/wp-json\/wp\/v2\/comments?post=530"}],"wp:featuredmedia":[{"embeddable":true,"href":"https:\/\/vinkler.ee\/en\/wp-json\/wp\/v2\/media\/561"}],"wp:attachment":[{"href":"https:\/\/vinkler.ee\/en\/wp-json\/wp\/v2\/media?parent=530"}],"wp:term":[{"taxonomy":"product_brand","embeddable":true,"href":"https:\/\/vinkler.ee\/en\/wp-json\/wp\/v2\/product_brand?post=530"},{"taxonomy":"product_cat","embeddable":true,"href":"https:\/\/vinkler.ee\/en\/wp-json\/wp\/v2\/product_cat?post=530"},{"taxonomy":"product_tag","embeddable":true,"href":"https:\/\/vinkler.ee\/en\/wp-json\/wp\/v2\/product_tag?post=530"}],"curies":[{"name":"wp","href":"https:\/\/api.w.org\/{rel}","templated":true}]}}