{"id":525,"date":"2024-05-13T22:43:27","date_gmt":"2024-05-13T19:43:27","guid":{"rendered":"https:\/\/vinkler.ee\/?post_type=product&#038;p=525"},"modified":"2025-06-04T21:24:24","modified_gmt":"2025-06-04T18:24:24","slug":"aiapink-kokkupandav","status":"publish","type":"product","link":"https:\/\/vinkler.ee\/en\/toode\/aiapink-kokkupandav\/","title":{"rendered":"Aiapink kokkupandav"},"content":{"rendered":"","protected":false},"excerpt":{"rendered":"<p>Retro stiilis kokkupandav aiatool, mugav kasutada, lihtne hoiustada v\u00f5i kaasav\u00f5tta puhkusele.<\/p>\n<p>Materjaliks kasutame peamiselt m\u00e4nnipuitu.<\/p>\n<p>Viimistletud Teak Oil puidu\u00f5liga<\/p>\n<p>Tellimusele on v\u00f5imalus ise j\u00e4rele tulla v\u00f5i lepime kokku tarnes.<br \/>\nKliendi soovil toome kaubad ise kohale v\u00f5i saadame kulleriga.<br \/>\nLisandub transpordi v\u00f5i kulleri tasu kokkuleppel kliendiga.<\/p>\n<p>Tarneaeg on laokaupadele 2-3 p\u00e4eva, valmistatavale tootele hinnanguliselt 2-14 p\u00e4eva. T\u00e4psustame enne tellimuse kinnitamist<\/p>\n","protected":false},"featured_media":566,"comment_status":"open","ping_status":"closed","template":"","meta":{"slim_seo":{"title":"[:et]Aiapink kokkupandav[:] - JAANI SAUNAPOOD","description":"[:et]Retro stiilis kokkupandav aiatool, mugav kasutada, lihtne hoiustada v\u00f5i kaasav\u00f5tta puhkusele. Materjaliks kasutame peamiselt m\u00e4nnipuitu. Viimistletud Teak"}},"product_brand":[],"product_cat":[20],"product_tag":[],"class_list":{"0":"post-525","1":"product","2":"type-product","3":"status-publish","4":"has-post-thumbnail","6":"product_cat-toolid-ja-pingid","8":"first","9":"instock","10":"sale","11":"shipping-taxable","12":"purchasable","13":"product-type-simple"},"jetpack_sharing_enabled":true,"_links":{"self":[{"href":"https:\/\/vinkler.ee\/en\/wp-json\/wp\/v2\/product\/525","targetHints":{"allow":["GET"]}}],"collection":[{"href":"https:\/\/vinkler.ee\/en\/wp-json\/wp\/v2\/product"}],"about":[{"href":"https:\/\/vinkler.ee\/en\/wp-json\/wp\/v2\/types\/product"}],"replies":[{"embeddable":true,"href":"https:\/\/vinkler.ee\/en\/wp-json\/wp\/v2\/comments?post=525"}],"wp:featuredmedia":[{"embeddable":true,"href":"https:\/\/vinkler.ee\/en\/wp-json\/wp\/v2\/media\/566"}],"wp:attachment":[{"href":"https:\/\/vinkler.ee\/en\/wp-json\/wp\/v2\/media?parent=525"}],"wp:term":[{"taxonomy":"product_brand","embeddable":true,"href":"https:\/\/vinkler.ee\/en\/wp-json\/wp\/v2\/product_brand?post=525"},{"taxonomy":"product_cat","embeddable":true,"href":"https:\/\/vinkler.ee\/en\/wp-json\/wp\/v2\/product_cat?post=525"},{"taxonomy":"product_tag","embeddable":true,"href":"https:\/\/vinkler.ee\/en\/wp-json\/wp\/v2\/product_tag?post=525"}],"curies":[{"name":"wp","href":"https:\/\/api.w.org\/{rel}","templated":true}]}}