{"id":522,"date":"2024-05-13T21:55:32","date_gmt":"2024-05-13T18:55:32","guid":{"rendered":"https:\/\/vinkler.ee\/?post_type=product&#038;p=522"},"modified":"2025-06-04T21:34:57","modified_gmt":"2025-06-04T18:34:57","slug":"aiapink-seljatoega-200cm","status":"publish","type":"product","link":"https:\/\/vinkler.ee\/en\/toode\/aiapink-seljatoega-200cm\/","title":{"rendered":"Aiapink seljatoega 150cm"},"content":{"rendered":"","protected":false},"excerpt":{"rendered":"<p>Materjal: m\u00e4nni v\u00f5i kuusepuit<\/p>\n<p>M\u00f5\u00f5dud 400mm x 1500mm k\u00f5rgus seljatoega 900mm<\/p>\n<p>Valmistatakse kliendi tellimusel, v\u00f5imalus valida erinevad pikkused ning viimistlus.<br \/>\nSeljatoega pink pikkusega 2000mm hind 290\u20ac<\/p>\n<p>P\u00e4rast tellimuse vormistamist v\u00f5tame sinuga \u00fchendust ja t\u00e4psustame tellimuse \u00fcksikasjad. Info telefoni teel +372 5257211<\/p>\n<p>Tellimusele on v\u00f5imalus ise j\u00e4rele tulla v\u00f5i lepime kokku tarnes.<br \/>\nKliendi soovil toome kaubad ise kohale v\u00f5i saadame kulleriga.<br \/>\nLisandub transpordi v\u00f5i kulleri tasu kokkuleppel kliendiga.<\/p>\n<p>Tarneaeg on laokaupadele 2-3 p\u00e4eva, valmistatavale tootele ca 2-14 p\u00e4eva. T\u00e4psustame enne tellimuse kinnitamist.<\/p>\n","protected":false},"featured_media":630,"comment_status":"open","ping_status":"closed","template":"","meta":{"slim_seo":{"title":"[:et]Aiapink seljatoega 150cm[:] - JAANI SAUNAPOOD","description":"[:et]Materjal: m\u00e4nni v\u00f5i kuusepuit M\u00f5\u00f5dud 400mm x 1500mm k\u00f5rgus seljatoega 900mm Valmistatakse kliendi tellimusel, v\u00f5imalus valida erinevad pikkused ning viimis"}},"product_brand":[],"product_cat":[20],"product_tag":[],"class_list":{"0":"post-522","1":"product","2":"type-product","3":"status-publish","4":"has-post-thumbnail","6":"product_cat-toolid-ja-pingid","8":"first","9":"instock","10":"shipping-taxable","11":"purchasable","12":"product-type-simple"},"jetpack_sharing_enabled":true,"_links":{"self":[{"href":"https:\/\/vinkler.ee\/en\/wp-json\/wp\/v2\/product\/522","targetHints":{"allow":["GET"]}}],"collection":[{"href":"https:\/\/vinkler.ee\/en\/wp-json\/wp\/v2\/product"}],"about":[{"href":"https:\/\/vinkler.ee\/en\/wp-json\/wp\/v2\/types\/product"}],"replies":[{"embeddable":true,"href":"https:\/\/vinkler.ee\/en\/wp-json\/wp\/v2\/comments?post=522"}],"wp:featuredmedia":[{"embeddable":true,"href":"https:\/\/vinkler.ee\/en\/wp-json\/wp\/v2\/media\/630"}],"wp:attachment":[{"href":"https:\/\/vinkler.ee\/en\/wp-json\/wp\/v2\/media?parent=522"}],"wp:term":[{"taxonomy":"product_brand","embeddable":true,"href":"https:\/\/vinkler.ee\/en\/wp-json\/wp\/v2\/product_brand?post=522"},{"taxonomy":"product_cat","embeddable":true,"href":"https:\/\/vinkler.ee\/en\/wp-json\/wp\/v2\/product_cat?post=522"},{"taxonomy":"product_tag","embeddable":true,"href":"https:\/\/vinkler.ee\/en\/wp-json\/wp\/v2\/product_tag?post=522"}],"curies":[{"name":"wp","href":"https:\/\/api.w.org\/{rel}","templated":true}]}}