{"id":491,"date":"2024-01-27T12:09:39","date_gmt":"2024-01-27T10:09:39","guid":{"rendered":"https:\/\/vinkler.ee\/?post_type=product&#038;p=491"},"modified":"2024-01-27T12:09:39","modified_gmt":"2024-01-27T10:09:39","slug":"valikaimla-900x1200","status":"publish","type":"product","link":"https:\/\/vinkler.ee\/en\/toode\/valikaimla-900x1200\/","title":{"rendered":"V\u00e4lik\u00e4imla 900&#215;1200"},"content":{"rendered":"","protected":false},"excerpt":{"rendered":"<p>Toote hind on viimistlematta majale,<br \/>\nviimistlusega hind kujuneb valitud viimistluse variandist, lisandub ca 200\u20ac<\/p>\n<p>Materjal: m\u00e4nni v\u00f5i kuusepuit<br \/>\nV\u00e4lik\u00e4imla on komplekteeritud istumise kohaga ja majakese tagant hooldusluugiga, millese v\u00f5ib paigaldada pvc kasti.<\/p>\n<p>P\u00f5hjam\u00f5\u00f5dud 900mm x 1200mm k\u00f5rgus ca 2300mm<\/p>\n<p>Valmistatakse kliendi tellimusel, v\u00f5imalus valida soojustatud kujul, erinevad katusematerjalid ning v\u00e4lisviimistlus.<\/p>\n<p>P\u00e4rast tellimuse vormistamist v\u00f5tame sinuga \u00fchendust ja t\u00e4psustame tellimuse \u00fcksikasjad. Info telefoni teel +372 5257211<\/p>\n<p>Tellimusele on v\u00f5imalus ise j\u00e4rele tulla v\u00f5i lepime kokku tarnes.<br \/>\nKliendi soovil toome kaubad ise kohale v\u00f5i saadame kulleriga.<br \/>\nLisandub transpordi v\u00f5i kulleri tasu kokkuleppel kliendiga.<\/p>\n<p>Tarneaeg on laokaupadele 2-3 p\u00e4eva, valmistatavale tootele ca 2-14 p\u00e4eva. T\u00e4psustame enne tellimuse kinnitamist.<\/p>\n","protected":false},"featured_media":492,"comment_status":"open","ping_status":"closed","template":"","meta":{"slim_seo":{"title":"V\u00e4lik\u00e4imla 900x1200 - JAANI SAUNAPOOD","description":"Toote hind on viimistlematta majale, viimistlusega hind kujuneb valitud viimistluse variandist, lisandub ca 200\u20ac Materjal: m\u00e4nni v\u00f5i kuusepuit V\u00e4lik\u00e4imla on kom"}},"product_brand":[],"product_cat":[30],"product_tag":[],"class_list":{"0":"post-491","1":"product","2":"type-product","3":"status-publish","4":"has-post-thumbnail","6":"product_cat-valikaimlad-wc","8":"first","9":"instock","10":"shipping-taxable","11":"purchasable","12":"product-type-simple"},"jetpack_sharing_enabled":true,"_links":{"self":[{"href":"https:\/\/vinkler.ee\/en\/wp-json\/wp\/v2\/product\/491","targetHints":{"allow":["GET"]}}],"collection":[{"href":"https:\/\/vinkler.ee\/en\/wp-json\/wp\/v2\/product"}],"about":[{"href":"https:\/\/vinkler.ee\/en\/wp-json\/wp\/v2\/types\/product"}],"replies":[{"embeddable":true,"href":"https:\/\/vinkler.ee\/en\/wp-json\/wp\/v2\/comments?post=491"}],"wp:featuredmedia":[{"embeddable":true,"href":"https:\/\/vinkler.ee\/en\/wp-json\/wp\/v2\/media\/492"}],"wp:attachment":[{"href":"https:\/\/vinkler.ee\/en\/wp-json\/wp\/v2\/media?parent=491"}],"wp:term":[{"taxonomy":"product_brand","embeddable":true,"href":"https:\/\/vinkler.ee\/en\/wp-json\/wp\/v2\/product_brand?post=491"},{"taxonomy":"product_cat","embeddable":true,"href":"https:\/\/vinkler.ee\/en\/wp-json\/wp\/v2\/product_cat?post=491"},{"taxonomy":"product_tag","embeddable":true,"href":"https:\/\/vinkler.ee\/en\/wp-json\/wp\/v2\/product_tag?post=491"}],"curies":[{"name":"wp","href":"https:\/\/api.w.org\/{rel}","templated":true}]}}