{"id":447,"date":"2024-01-09T01:17:48","date_gmt":"2024-01-08T23:17:48","guid":{"rendered":"https:\/\/vinkler.ee\/?post_type=product&#038;p=447"},"modified":"2024-01-09T01:17:48","modified_gmt":"2024-01-08T23:17:48","slug":"puidust-seinakell","status":"publish","type":"product","link":"https:\/\/vinkler.ee\/en\/toode\/puidust-seinakell\/","title":{"rendered":"Puidust seinakell"},"content":{"rendered":"","protected":false},"excerpt":{"rendered":"<p>Valmistame ainulaadseid puidust seinakellasid.<br \/>\nKaunistuseks v\u00f5imalik valida p\u00f5letustehnikas v\u00e4lgud v\u00f5i lasergraveering<br \/>\nSuurused tellija soovil. <\/p>\n<p>V\u00f5ta \u00fchendust ja kirjelda oma ideed, v\u00f5imalusel teeme selle teoks.<\/p>\n<p>K\u00fcsi pakkumist: jaan@wektor.ee v\u00f5i helista 5257211<\/p>\n<p>Tellimusele on v\u00f5imalus ise j\u00e4rele tulla v\u00f5i lepime kokku tarnes.<br \/>\nKliendi soovil toome kaubad ise kohale v\u00f5i saadame kulleriga.<br \/>\nLisandub transpordi v\u00f5i kulleri tasu kokkuleppel kliendiga.<\/p>\n<p>Tarneaeg on laokaupadele 2-3 p\u00e4eva, valmistatavale tootele hinnanguliselt 2-14 p\u00e4eva.<br \/>\nT\u00e4psustame enne tellimuse kinnitamist.<\/p>\n","protected":false},"featured_media":448,"comment_status":"open","ping_status":"closed","template":"","meta":{"slim_seo":{"title":"Puidust seinakell - JAANI SAUNAPOOD","description":"Valmistame ainulaadseid puidust seinakellasid. Kaunistuseks v\u00f5imalik valida p\u00f5letustehnikas v\u00e4lgud v\u00f5i lasergraveering Suurused tellija soovil. V\u00f5ta \u00fchendust ja"}},"product_brand":[],"product_cat":[18],"product_tag":[],"class_list":{"0":"post-447","1":"product","2":"type-product","3":"status-publish","4":"has-post-thumbnail","6":"product_cat-sisustus-tooted","8":"first","9":"instock","10":"shipping-taxable","11":"purchasable","12":"product-type-simple"},"jetpack_sharing_enabled":true,"_links":{"self":[{"href":"https:\/\/vinkler.ee\/en\/wp-json\/wp\/v2\/product\/447","targetHints":{"allow":["GET"]}}],"collection":[{"href":"https:\/\/vinkler.ee\/en\/wp-json\/wp\/v2\/product"}],"about":[{"href":"https:\/\/vinkler.ee\/en\/wp-json\/wp\/v2\/types\/product"}],"replies":[{"embeddable":true,"href":"https:\/\/vinkler.ee\/en\/wp-json\/wp\/v2\/comments?post=447"}],"wp:featuredmedia":[{"embeddable":true,"href":"https:\/\/vinkler.ee\/en\/wp-json\/wp\/v2\/media\/448"}],"wp:attachment":[{"href":"https:\/\/vinkler.ee\/en\/wp-json\/wp\/v2\/media?parent=447"}],"wp:term":[{"taxonomy":"product_brand","embeddable":true,"href":"https:\/\/vinkler.ee\/en\/wp-json\/wp\/v2\/product_brand?post=447"},{"taxonomy":"product_cat","embeddable":true,"href":"https:\/\/vinkler.ee\/en\/wp-json\/wp\/v2\/product_cat?post=447"},{"taxonomy":"product_tag","embeddable":true,"href":"https:\/\/vinkler.ee\/en\/wp-json\/wp\/v2\/product_tag?post=447"}],"curies":[{"name":"wp","href":"https:\/\/api.w.org\/{rel}","templated":true}]}}