{"id":427,"date":"2023-12-19T23:14:37","date_gmt":"2023-12-19T21:14:37","guid":{"rendered":"https:\/\/vinkler.ee\/?post_type=product&#038;p=427"},"modified":"2025-06-04T00:47:49","modified_gmt":"2025-06-03T21:47:49","slug":"suvemaja-3x6","status":"publish","type":"product","link":"https:\/\/vinkler.ee\/en\/toode\/suvemaja-3x6\/","title":{"rendered":"Suvemaja 3&#215;6"},"content":{"rendered":"","protected":false},"excerpt":{"rendered":"<p>Valmistatakse 50x100mm ja 50x150mm ristl\u00f5ikega kvaliteetsest puitmaterjalist.<br \/>\nSoojustatud 100mm kivivillaga, lagi ja p\u00f5rand 150mm kivivillaga<br \/>\nVarustatud 2x klaaspakettiga akendega (2tk) ja puituks.<br \/>\nSiseviimistlus variandid kliendi soovil, standardis kuuse v\u00f5i m\u00e4nni voodrilaud.<br \/>\nV\u00f5imalik paigaldada kamin, pliita v\u00f5i ahi ning sisustada puitm\u00f6\u00f6bliga<\/p>\n<p>V\u00f5ta \u00fchendust allpool olevatel kontaktidel ja teeme teile sobiva pakkumise.<br \/>\nTel. +372 5257211 v\u00f5i e-post: jaan@wektor.ee<\/p>\n<p>Tellimusele on v\u00f5imalus ise j\u00e4rele tulla v\u00f5i lepime kokku tarnes.<br \/>\nKliendi soovil toome kaubad ise kohale, lisandub transpordi tasu.<\/p>\n<p>Tarneaeg on valmistatavale tootele kokkuleppel. T\u00e4psustame enne tellimuse kinnitamist.<\/p>\n","protected":false},"featured_media":628,"comment_status":"open","ping_status":"closed","template":"","meta":{"slim_seo":{"title":"[:et]Suvemaja 3x6[:] - JAANI SAUNAPOOD","description":"[:et]Valmistatakse 50x100mm ja 50x150mm ristl\u00f5ikega kvaliteetsest puitmaterjalist. Soojustatud 100mm kivivillaga, lagi ja p\u00f5rand 150mm kivivillaga Varustatud 2x"}},"product_brand":[],"product_cat":[31],"product_tag":[],"class_list":{"0":"post-427","1":"product","2":"type-product","3":"status-publish","4":"has-post-thumbnail","6":"product_cat-soojustatud-suvemajad","8":"first","9":"instock","10":"shipping-taxable","11":"purchasable","12":"product-type-simple"},"jetpack_sharing_enabled":true,"_links":{"self":[{"href":"https:\/\/vinkler.ee\/en\/wp-json\/wp\/v2\/product\/427","targetHints":{"allow":["GET"]}}],"collection":[{"href":"https:\/\/vinkler.ee\/en\/wp-json\/wp\/v2\/product"}],"about":[{"href":"https:\/\/vinkler.ee\/en\/wp-json\/wp\/v2\/types\/product"}],"replies":[{"embeddable":true,"href":"https:\/\/vinkler.ee\/en\/wp-json\/wp\/v2\/comments?post=427"}],"wp:featuredmedia":[{"embeddable":true,"href":"https:\/\/vinkler.ee\/en\/wp-json\/wp\/v2\/media\/628"}],"wp:attachment":[{"href":"https:\/\/vinkler.ee\/en\/wp-json\/wp\/v2\/media?parent=427"}],"wp:term":[{"taxonomy":"product_brand","embeddable":true,"href":"https:\/\/vinkler.ee\/en\/wp-json\/wp\/v2\/product_brand?post=427"},{"taxonomy":"product_cat","embeddable":true,"href":"https:\/\/vinkler.ee\/en\/wp-json\/wp\/v2\/product_cat?post=427"},{"taxonomy":"product_tag","embeddable":true,"href":"https:\/\/vinkler.ee\/en\/wp-json\/wp\/v2\/product_tag?post=427"}],"curies":[{"name":"wp","href":"https:\/\/api.w.org\/{rel}","templated":true}]}}