{"id":412,"date":"2023-12-11T22:17:11","date_gmt":"2023-12-11T20:17:11","guid":{"rendered":"https:\/\/vinkler.ee\/?post_type=product&#038;p=412"},"modified":"2023-12-11T22:17:11","modified_gmt":"2023-12-11T20:17:11","slug":"prugimaja-240l","status":"publish","type":"product","link":"https:\/\/vinkler.ee\/en\/toode\/prugimaja-240l\/","title":{"rendered":"Pr\u00fcgimaja 240L"},"content":{"rendered":"","protected":false},"excerpt":{"rendered":"<p>Kaitse enda konteinerit sademete ja tuule eest.<br \/>\nPr\u00fcgimajaga annad ilusa esteetilise v\u00e4limuse oma j\u00e4\u00e4tmete hoidlale.<\/p>\n<p>M\u00f5\u00f5tmed: 100x100x210cm<br \/>\nHind viimistlemata majale<br \/>\nV\u00f5imalus viimistleda toonitud puidu\u00f5liga, lisandub 200\u20ac<\/p>\n<p>Transport ja paigaldus kokkuleppel<br \/>\nTarneaeg hinnanguliselt kuni 14 p\u00e4eva<\/p>\n","protected":false},"featured_media":413,"comment_status":"open","ping_status":"closed","template":"","meta":{"slim_seo":{"title":"Pr\u00fcgimaja 240L - JAANI SAUNAPOOD","description":"Kaitse enda konteinerit sademete ja tuule eest. Pr\u00fcgimajaga annad ilusa esteetilise v\u00e4limuse oma j\u00e4\u00e4tmete hoidlale. M\u00f5\u00f5tmed: 100x100x210cm Hind viimistlemata ma"}},"product_brand":[],"product_cat":[21],"product_tag":[],"class_list":{"0":"post-412","1":"product","2":"type-product","3":"status-publish","4":"has-post-thumbnail","6":"product_cat-kasvuhooned-kuurid","8":"first","9":"instock","10":"shipping-taxable","11":"purchasable","12":"product-type-simple"},"jetpack_sharing_enabled":true,"_links":{"self":[{"href":"https:\/\/vinkler.ee\/en\/wp-json\/wp\/v2\/product\/412","targetHints":{"allow":["GET"]}}],"collection":[{"href":"https:\/\/vinkler.ee\/en\/wp-json\/wp\/v2\/product"}],"about":[{"href":"https:\/\/vinkler.ee\/en\/wp-json\/wp\/v2\/types\/product"}],"replies":[{"embeddable":true,"href":"https:\/\/vinkler.ee\/en\/wp-json\/wp\/v2\/comments?post=412"}],"wp:featuredmedia":[{"embeddable":true,"href":"https:\/\/vinkler.ee\/en\/wp-json\/wp\/v2\/media\/413"}],"wp:attachment":[{"href":"https:\/\/vinkler.ee\/en\/wp-json\/wp\/v2\/media?parent=412"}],"wp:term":[{"taxonomy":"product_brand","embeddable":true,"href":"https:\/\/vinkler.ee\/en\/wp-json\/wp\/v2\/product_brand?post=412"},{"taxonomy":"product_cat","embeddable":true,"href":"https:\/\/vinkler.ee\/en\/wp-json\/wp\/v2\/product_cat?post=412"},{"taxonomy":"product_tag","embeddable":true,"href":"https:\/\/vinkler.ee\/en\/wp-json\/wp\/v2\/product_tag?post=412"}],"curies":[{"name":"wp","href":"https:\/\/api.w.org\/{rel}","templated":true}]}}