{"id":38,"date":"2022-09-03T21:09:51","date_gmt":"2022-09-03T18:09:51","guid":{"rendered":"https:\/\/vinkler.ee\/?post_type=product&#038;p=38"},"modified":"2024-05-05T00:18:39","modified_gmt":"2024-05-04T21:18:39","slug":"aiamoobli-komplekt","status":"publish","type":"product","link":"https:\/\/vinkler.ee\/en\/toode\/aiamoobli-komplekt\/","title":{"rendered":"Aiam\u00f6\u00f6bli komplekt"},"content":{"rendered":"","protected":false},"excerpt":{"rendered":"<p>Massiivpuidust aiam\u00f6\u00f6bli komplekt<\/p>\n<p>Materjaliks m\u00e4nnipuit ja lepapuit.<\/p>\n<p>Laud 600 x600 mm<\/p>\n<p>Pink 450 x 450 x 1200 mm<\/p>\n<p>Taburett ca 350 x 350 mm<\/p>\n<p>Tellimusele on v\u00f5imalus ise j\u00e4rele tulla v\u00f5i lepime kokku tarnes.<br \/>\nKliendi soovil toome kaubad ise kohale v\u00f5i saadame kulleriga.<br \/>\nLisandub transpordi v\u00f5i kulleri tasu kokkuleppel kliendiga.<\/p>\n<p>Tarneaeg on laokaupadele 2-3 p\u00e4eva, valmistatavale tootele hinnanguliselt 2-14 p\u00e4eva. T\u00e4psustame enne tellimuse kinnitamist.<\/p>\n","protected":false},"featured_media":39,"comment_status":"open","ping_status":"closed","template":"","meta":{"slim_seo":{"title":"Aiam\u00f6\u00f6bli komplekt - JAANI SAUNAPOOD","description":"Massiivpuidust aiam\u00f6\u00f6bli komplekt Materjaliks m\u00e4nnipuit ja lepapuit. Laud 600 x600 mm Pink 450 x 450 x 1200 mm Taburett ca 350 x 350 mm Tellimusele on v\u00f5imalus"}},"product_brand":[],"product_cat":[19],"product_tag":[],"class_list":{"0":"post-38","1":"product","2":"type-product","3":"status-publish","4":"has-post-thumbnail","6":"product_cat-lauad-ja-komplektid","8":"first","9":"instock","10":"sale","11":"shipping-taxable","12":"purchasable","13":"product-type-simple"},"jetpack_sharing_enabled":true,"_links":{"self":[{"href":"https:\/\/vinkler.ee\/en\/wp-json\/wp\/v2\/product\/38","targetHints":{"allow":["GET"]}}],"collection":[{"href":"https:\/\/vinkler.ee\/en\/wp-json\/wp\/v2\/product"}],"about":[{"href":"https:\/\/vinkler.ee\/en\/wp-json\/wp\/v2\/types\/product"}],"replies":[{"embeddable":true,"href":"https:\/\/vinkler.ee\/en\/wp-json\/wp\/v2\/comments?post=38"}],"wp:featuredmedia":[{"embeddable":true,"href":"https:\/\/vinkler.ee\/en\/wp-json\/wp\/v2\/media\/39"}],"wp:attachment":[{"href":"https:\/\/vinkler.ee\/en\/wp-json\/wp\/v2\/media?parent=38"}],"wp:term":[{"taxonomy":"product_brand","embeddable":true,"href":"https:\/\/vinkler.ee\/en\/wp-json\/wp\/v2\/product_brand?post=38"},{"taxonomy":"product_cat","embeddable":true,"href":"https:\/\/vinkler.ee\/en\/wp-json\/wp\/v2\/product_cat?post=38"},{"taxonomy":"product_tag","embeddable":true,"href":"https:\/\/vinkler.ee\/en\/wp-json\/wp\/v2\/product_tag?post=38"}],"curies":[{"name":"wp","href":"https:\/\/api.w.org\/{rel}","templated":true}]}}