{"id":35,"date":"2022-09-03T20:46:16","date_gmt":"2022-09-03T17:46:16","guid":{"rendered":"https:\/\/vinkler.ee\/?post_type=product&#038;p=35"},"modified":"2022-12-10T16:40:09","modified_gmt":"2022-12-10T14:40:09","slug":"aialaud-toomas","status":"publish","type":"product","link":"https:\/\/vinkler.ee\/en\/toode\/aialaud-toomas\/","title":{"rendered":"Aialaud Toomas"},"content":{"rendered":"","protected":false},"excerpt":{"rendered":"<p>Massiivsest m\u00e4nnipuidust aialaud<\/p>\n<p>M\u00f5\u00f5tmed: 600 x 750 x 1500 mm<\/p>\n<p>Viimistletud niiskuskindla lakiga<\/p>\n<p>Tellimusele on v\u00f5imalus ise j\u00e4rele tulla v\u00f5i lepime kokku tarnes.<br \/>\nKliendi soovil toome kaubad ise kohale v\u00f5i saadame kulleriga.<br \/>\nLisandub transpordi v\u00f5i kulleri tasu kokkuleppel kliendiga.<\/p>\n<p>Tarneaeg on laokaupadele 2-3 p\u00e4eva, valmistatavale tootele hinnanguliselt 2-14 p\u00e4eva. T\u00e4psustame enne tellimuse kinnitamist.<\/p>\n","protected":false},"featured_media":36,"comment_status":"open","ping_status":"closed","template":"","meta":{"slim_seo":{"title":"Aialaud Toomas - JAANI SAUNAPOOD","description":"Massiivsest m\u00e4nnipuidust aialaud M\u00f5\u00f5tmed: 600 x 750 x 1500 mm Viimistletud niiskuskindla lakiga Tellimusele on v\u00f5imalus ise j\u00e4rele tulla v\u00f5i lepime kokku tarnes"}},"product_brand":[],"product_cat":[19],"product_tag":[],"class_list":{"0":"post-35","1":"product","2":"type-product","3":"status-publish","4":"has-post-thumbnail","6":"product_cat-lauad-ja-komplektid","8":"first","9":"instock","10":"shipping-taxable","11":"purchasable","12":"product-type-simple"},"jetpack_sharing_enabled":true,"_links":{"self":[{"href":"https:\/\/vinkler.ee\/en\/wp-json\/wp\/v2\/product\/35","targetHints":{"allow":["GET"]}}],"collection":[{"href":"https:\/\/vinkler.ee\/en\/wp-json\/wp\/v2\/product"}],"about":[{"href":"https:\/\/vinkler.ee\/en\/wp-json\/wp\/v2\/types\/product"}],"replies":[{"embeddable":true,"href":"https:\/\/vinkler.ee\/en\/wp-json\/wp\/v2\/comments?post=35"}],"wp:featuredmedia":[{"embeddable":true,"href":"https:\/\/vinkler.ee\/en\/wp-json\/wp\/v2\/media\/36"}],"wp:attachment":[{"href":"https:\/\/vinkler.ee\/en\/wp-json\/wp\/v2\/media?parent=35"}],"wp:term":[{"taxonomy":"product_brand","embeddable":true,"href":"https:\/\/vinkler.ee\/en\/wp-json\/wp\/v2\/product_brand?post=35"},{"taxonomy":"product_cat","embeddable":true,"href":"https:\/\/vinkler.ee\/en\/wp-json\/wp\/v2\/product_cat?post=35"},{"taxonomy":"product_tag","embeddable":true,"href":"https:\/\/vinkler.ee\/en\/wp-json\/wp\/v2\/product_tag?post=35"}],"curies":[{"name":"wp","href":"https:\/\/api.w.org\/{rel}","templated":true}]}}