{"id":332,"date":"2023-12-01T00:13:17","date_gmt":"2023-11-30T22:13:17","guid":{"rendered":"https:\/\/vinkler.ee\/?post_type=product&#038;p=332"},"modified":"2023-12-01T00:13:17","modified_gmt":"2023-11-30T22:13:17","slug":"liimpuit-riiul","status":"publish","type":"product","link":"https:\/\/vinkler.ee\/en\/toode\/liimpuit-riiul\/","title":{"rendered":"Liimpuit riiul"},"content":{"rendered":"","protected":false},"excerpt":{"rendered":"<p>Valmistame Teile sobiva m\u00f5\u00f5tme ja viimistlusega Liimpuit kilpidest riiuleid.<br \/>\nV\u00f5ta \u00fchendust allpool olevatel kontaktidel ja teeme Teile sobiva pakkumise.<br \/>\nTel. +372 5257211 v\u00f5i e-post: jaan@wektor.ee<\/p>\n","protected":false},"featured_media":333,"comment_status":"open","ping_status":"closed","template":"","meta":{"slim_seo":{"title":"Liimpuit riiul - JAANI SAUNAPOOD","description":"Valmistame Teile sobiva m\u00f5\u00f5tme ja viimistlusega Liimpuit kilpidest riiuleid. V\u00f5ta \u00fchendust allpool olevatel kontaktidel ja teeme Teile sobiva pakkumise. Tel. +3"}},"product_brand":[],"product_cat":[24],"product_tag":[],"class_list":{"0":"post-332","1":"product","2":"type-product","3":"status-publish","4":"has-post-thumbnail","6":"product_cat-riiulid-ja-riidenagid","8":"first","9":"instock","10":"shipping-taxable","11":"product-type-simple"},"jetpack_sharing_enabled":true,"_links":{"self":[{"href":"https:\/\/vinkler.ee\/en\/wp-json\/wp\/v2\/product\/332","targetHints":{"allow":["GET"]}}],"collection":[{"href":"https:\/\/vinkler.ee\/en\/wp-json\/wp\/v2\/product"}],"about":[{"href":"https:\/\/vinkler.ee\/en\/wp-json\/wp\/v2\/types\/product"}],"replies":[{"embeddable":true,"href":"https:\/\/vinkler.ee\/en\/wp-json\/wp\/v2\/comments?post=332"}],"wp:featuredmedia":[{"embeddable":true,"href":"https:\/\/vinkler.ee\/en\/wp-json\/wp\/v2\/media\/333"}],"wp:attachment":[{"href":"https:\/\/vinkler.ee\/en\/wp-json\/wp\/v2\/media?parent=332"}],"wp:term":[{"taxonomy":"product_brand","embeddable":true,"href":"https:\/\/vinkler.ee\/en\/wp-json\/wp\/v2\/product_brand?post=332"},{"taxonomy":"product_cat","embeddable":true,"href":"https:\/\/vinkler.ee\/en\/wp-json\/wp\/v2\/product_cat?post=332"},{"taxonomy":"product_tag","embeddable":true,"href":"https:\/\/vinkler.ee\/en\/wp-json\/wp\/v2\/product_tag?post=332"}],"curies":[{"name":"wp","href":"https:\/\/api.w.org\/{rel}","templated":true}]}}