{"id":326,"date":"2023-12-01T00:00:59","date_gmt":"2023-11-30T22:00:59","guid":{"rendered":"https:\/\/vinkler.ee\/?post_type=product&#038;p=326"},"modified":"2023-12-01T00:00:59","modified_gmt":"2023-11-30T22:00:59","slug":"puude-ja-tooriistade-kuur","status":"publish","type":"product","link":"https:\/\/vinkler.ee\/en\/toode\/puude-ja-tooriistade-kuur\/","title":{"rendered":"Puude ja t\u00f6\u00f6riistade kuur"},"content":{"rendered":"","protected":false},"excerpt":{"rendered":"<p>Valmistatakse puitkarkassil ristl\u00f5ikega 50&#215;150 ja 50&#215;100<br \/>\nViimistlus ja m\u00f5\u00f5tmed kokkuleppel kliendiga.<br \/>\nV\u00f5ta \u00fchendust allpool olevatel kontaktidel ja teeme teile sobiva pakkumise.<br \/>\nTel. +372 5257211 v\u00f5i e-post: jaan@wektor.ee<\/p>\n","protected":false},"featured_media":327,"comment_status":"open","ping_status":"closed","template":"","meta":{"slim_seo":{"title":"Puude ja t\u00f6\u00f6riistade kuur - JAANI SAUNAPOOD","description":"Valmistatakse puitkarkassil ristl\u00f5ikega 50x150 ja 50x100 Viimistlus ja m\u00f5\u00f5tmed kokkuleppel kliendiga. V\u00f5ta \u00fchendust allpool olevatel kontaktidel ja teeme teile"}},"product_brand":[],"product_cat":[21],"product_tag":[],"class_list":{"0":"post-326","1":"product","2":"type-product","3":"status-publish","4":"has-post-thumbnail","6":"product_cat-kasvuhooned-kuurid","8":"first","9":"instock","10":"shipping-taxable","11":"product-type-simple"},"jetpack_sharing_enabled":true,"_links":{"self":[{"href":"https:\/\/vinkler.ee\/en\/wp-json\/wp\/v2\/product\/326","targetHints":{"allow":["GET"]}}],"collection":[{"href":"https:\/\/vinkler.ee\/en\/wp-json\/wp\/v2\/product"}],"about":[{"href":"https:\/\/vinkler.ee\/en\/wp-json\/wp\/v2\/types\/product"}],"replies":[{"embeddable":true,"href":"https:\/\/vinkler.ee\/en\/wp-json\/wp\/v2\/comments?post=326"}],"wp:featuredmedia":[{"embeddable":true,"href":"https:\/\/vinkler.ee\/en\/wp-json\/wp\/v2\/media\/327"}],"wp:attachment":[{"href":"https:\/\/vinkler.ee\/en\/wp-json\/wp\/v2\/media?parent=326"}],"wp:term":[{"taxonomy":"product_brand","embeddable":true,"href":"https:\/\/vinkler.ee\/en\/wp-json\/wp\/v2\/product_brand?post=326"},{"taxonomy":"product_cat","embeddable":true,"href":"https:\/\/vinkler.ee\/en\/wp-json\/wp\/v2\/product_cat?post=326"},{"taxonomy":"product_tag","embeddable":true,"href":"https:\/\/vinkler.ee\/en\/wp-json\/wp\/v2\/product_tag?post=326"}],"curies":[{"name":"wp","href":"https:\/\/api.w.org\/{rel}","templated":true}]}}