{"id":318,"date":"2023-09-20T23:29:44","date_gmt":"2023-09-20T20:29:44","guid":{"rendered":"https:\/\/vinkler.ee\/?post_type=product&#038;p=318"},"modified":"2023-09-20T23:29:44","modified_gmt":"2023-09-20T20:29:44","slug":"talusildid","status":"publish","type":"product","link":"https:\/\/vinkler.ee\/en\/toode\/talusildid\/","title":{"rendered":"Talusildid"},"content":{"rendered":"","protected":false},"excerpt":{"rendered":"<p>Valmistame k\u00e4sit\u00f6\u00f6na nime v\u00f5i talusilte.<br \/>\nToote hind kujuneb vastavalt nime pikkusele ca 10\u20ac t\u00e4he kohta.<\/p>\n<p>K\u00fcsi pakkumist: jaan@wektor.ee v\u00f5i helista 5257211<\/p>\n<p>Tellimusele on v\u00f5imalus ise j\u00e4rele tulla v\u00f5i lepime kokku tarnes.<br \/>\nKliendi soovil toome kaubad ise kohale v\u00f5i saadame kulleriga.<br \/>\nLisandub transpordi v\u00f5i kulleri tasu kokkuleppel kliendiga.<\/p>\n<p>Tarneaeg on laokaupadele 2-3 p\u00e4eva, valmistatavale tootele hinnanguliselt 2-14 p\u00e4eva. T\u00e4psustame enne tellimuse kinnitamist.<\/p>\n","protected":false},"featured_media":319,"comment_status":"open","ping_status":"closed","template":"","meta":{"slim_seo":{"title":"Talusildid - JAANI SAUNAPOOD","description":"Valmistame k\u00e4sit\u00f6\u00f6na nime v\u00f5i talusilte. Toote hind kujuneb vastavalt nime pikkusele ca 10\u20ac t\u00e4he kohta. K\u00fcsi pakkumist: jaan@wektor.ee v\u00f5i helista 5257211 Telli"}},"product_brand":[],"product_cat":[25,18],"product_tag":[],"class_list":{"0":"post-318","1":"product","2":"type-product","3":"status-publish","4":"has-post-thumbnail","6":"product_cat-muud-kasitoo-tooted","7":"product_cat-sisustus-tooted","9":"first","10":"instock","11":"shipping-taxable","12":"purchasable","13":"product-type-simple"},"jetpack_sharing_enabled":true,"_links":{"self":[{"href":"https:\/\/vinkler.ee\/en\/wp-json\/wp\/v2\/product\/318","targetHints":{"allow":["GET"]}}],"collection":[{"href":"https:\/\/vinkler.ee\/en\/wp-json\/wp\/v2\/product"}],"about":[{"href":"https:\/\/vinkler.ee\/en\/wp-json\/wp\/v2\/types\/product"}],"replies":[{"embeddable":true,"href":"https:\/\/vinkler.ee\/en\/wp-json\/wp\/v2\/comments?post=318"}],"wp:featuredmedia":[{"embeddable":true,"href":"https:\/\/vinkler.ee\/en\/wp-json\/wp\/v2\/media\/319"}],"wp:attachment":[{"href":"https:\/\/vinkler.ee\/en\/wp-json\/wp\/v2\/media?parent=318"}],"wp:term":[{"taxonomy":"product_brand","embeddable":true,"href":"https:\/\/vinkler.ee\/en\/wp-json\/wp\/v2\/product_brand?post=318"},{"taxonomy":"product_cat","embeddable":true,"href":"https:\/\/vinkler.ee\/en\/wp-json\/wp\/v2\/product_cat?post=318"},{"taxonomy":"product_tag","embeddable":true,"href":"https:\/\/vinkler.ee\/en\/wp-json\/wp\/v2\/product_tag?post=318"}],"curies":[{"name":"wp","href":"https:\/\/api.w.org\/{rel}","templated":true}]}}