{"id":300,"date":"2023-09-20T22:50:23","date_gmt":"2023-09-20T19:50:23","guid":{"rendered":"https:\/\/vinkler.ee\/?post_type=product&#038;p=300"},"modified":"2023-09-20T22:50:23","modified_gmt":"2023-09-20T19:50:23","slug":"riidenagi-lepapuust-3ne","status":"publish","type":"product","link":"https:\/\/vinkler.ee\/en\/toode\/riidenagi-lepapuust-3ne\/","title":{"rendered":"Riidenagi lepapuust 3ne"},"content":{"rendered":"","protected":false},"excerpt":{"rendered":"<p>Valmistatud lepapuust, kaunistused tehtud p\u00f5letustehnikas<\/p>\n<p>Viimistlus: looduslik lina\u00f5li<\/p>\n<p>M\u00f5\u00f5dud: 40cm<\/p>\n<p>Tellimusele on v\u00f5imalus ise j\u00e4rele tulla v\u00f5i lepime kokku tarnes.<br \/>\nKliendi soovil toome kaubad ise kohale v\u00f5i saadame kulleriga.<br \/>\nLisandub transpordi v\u00f5i kulleri tasu kokkuleppel kliendiga.<\/p>\n<p>Tarneaeg on laokaupadele 2-3 p\u00e4eva, valmistatavale tootele ca 2-14 p\u00e4eva. T\u00e4psustame enne tellimuse kinnitamist.<\/p>\n","protected":false},"featured_media":301,"comment_status":"open","ping_status":"closed","template":"","meta":{"slim_seo":{"title":"Riidenagi lepapuust 3ne - JAANI SAUNAPOOD","description":"Valmistatud lepapuust, kaunistused tehtud p\u00f5letustehnikas Viimistlus: looduslik lina\u00f5li M\u00f5\u00f5dud: 40cm Tellimusele on v\u00f5imalus ise j\u00e4rele tulla v\u00f5i lepime kokku t"}},"product_brand":[],"product_cat":[24],"product_tag":[],"class_list":{"0":"post-300","1":"product","2":"type-product","3":"status-publish","4":"has-post-thumbnail","6":"product_cat-riiulid-ja-riidenagid","8":"first","9":"instock","10":"shipping-taxable","11":"purchasable","12":"product-type-simple"},"jetpack_sharing_enabled":true,"_links":{"self":[{"href":"https:\/\/vinkler.ee\/en\/wp-json\/wp\/v2\/product\/300","targetHints":{"allow":["GET"]}}],"collection":[{"href":"https:\/\/vinkler.ee\/en\/wp-json\/wp\/v2\/product"}],"about":[{"href":"https:\/\/vinkler.ee\/en\/wp-json\/wp\/v2\/types\/product"}],"replies":[{"embeddable":true,"href":"https:\/\/vinkler.ee\/en\/wp-json\/wp\/v2\/comments?post=300"}],"wp:featuredmedia":[{"embeddable":true,"href":"https:\/\/vinkler.ee\/en\/wp-json\/wp\/v2\/media\/301"}],"wp:attachment":[{"href":"https:\/\/vinkler.ee\/en\/wp-json\/wp\/v2\/media?parent=300"}],"wp:term":[{"taxonomy":"product_brand","embeddable":true,"href":"https:\/\/vinkler.ee\/en\/wp-json\/wp\/v2\/product_brand?post=300"},{"taxonomy":"product_cat","embeddable":true,"href":"https:\/\/vinkler.ee\/en\/wp-json\/wp\/v2\/product_cat?post=300"},{"taxonomy":"product_tag","embeddable":true,"href":"https:\/\/vinkler.ee\/en\/wp-json\/wp\/v2\/product_tag?post=300"}],"curies":[{"name":"wp","href":"https:\/\/api.w.org\/{rel}","templated":true}]}}