{"id":283,"date":"2023-08-23T23:56:59","date_gmt":"2023-08-23T20:56:59","guid":{"rendered":"https:\/\/vinkler.ee\/?post_type=product&#038;p=283"},"modified":"2023-08-23T23:56:59","modified_gmt":"2023-08-23T20:56:59","slug":"vaike-kohvilaud","status":"publish","type":"product","link":"https:\/\/vinkler.ee\/en\/toode\/vaike-kohvilaud\/","title":{"rendered":"V\u00e4ike kohvilaud"},"content":{"rendered":"","protected":false},"excerpt":{"rendered":"<p>M\u00f5\u00f5tmed:<br \/>\nLaius 500mm<br \/>\nPikkus 800mm<br \/>\nK\u00f5rgus 600mm<\/p>\n<p>Valmistatakse peamiselt m\u00e4nni ja lepapuidust<br \/>\nViimistletud Teak Oil puidu\u00f5liga<\/p>\n<p>Tellimusele on v\u00f5imalus ise j\u00e4rele tulla v\u00f5i lepime kokku tarnes.<br \/>\nKliendi soovil toome kaubad ise kohale v\u00f5i saadame kulleriga.<br \/>\nLisandub transpordi v\u00f5i kulleri tasu kokkuleppel kliendiga.<\/p>\n<p>Tarneaeg on laokaupadele 2-3 p\u00e4eva, valmistatavale tootele hinnanguliselt 2-14 p\u00e4eva. T\u00e4psustame enne tellimuse kinnitamist.<\/p>\n","protected":false},"featured_media":284,"comment_status":"open","ping_status":"closed","template":"","meta":{"slim_seo":{"title":"V\u00e4ike kohvilaud - JAANI SAUNAPOOD","description":"M\u00f5\u00f5tmed: Laius 500mm Pikkus 800mm K\u00f5rgus 600mm Valmistatakse peamiselt m\u00e4nni ja lepapuidust Viimistletud Teak Oil puidu\u00f5liga Tellimusele on v\u00f5imalus ise j\u00e4rele"}},"product_brand":[],"product_cat":[19],"product_tag":[],"class_list":{"0":"post-283","1":"product","2":"type-product","3":"status-publish","4":"has-post-thumbnail","6":"product_cat-lauad-ja-komplektid","8":"first","9":"instock","10":"shipping-taxable","11":"purchasable","12":"product-type-simple"},"jetpack_sharing_enabled":true,"_links":{"self":[{"href":"https:\/\/vinkler.ee\/en\/wp-json\/wp\/v2\/product\/283","targetHints":{"allow":["GET"]}}],"collection":[{"href":"https:\/\/vinkler.ee\/en\/wp-json\/wp\/v2\/product"}],"about":[{"href":"https:\/\/vinkler.ee\/en\/wp-json\/wp\/v2\/types\/product"}],"replies":[{"embeddable":true,"href":"https:\/\/vinkler.ee\/en\/wp-json\/wp\/v2\/comments?post=283"}],"wp:featuredmedia":[{"embeddable":true,"href":"https:\/\/vinkler.ee\/en\/wp-json\/wp\/v2\/media\/284"}],"wp:attachment":[{"href":"https:\/\/vinkler.ee\/en\/wp-json\/wp\/v2\/media?parent=283"}],"wp:term":[{"taxonomy":"product_brand","embeddable":true,"href":"https:\/\/vinkler.ee\/en\/wp-json\/wp\/v2\/product_brand?post=283"},{"taxonomy":"product_cat","embeddable":true,"href":"https:\/\/vinkler.ee\/en\/wp-json\/wp\/v2\/product_cat?post=283"},{"taxonomy":"product_tag","embeddable":true,"href":"https:\/\/vinkler.ee\/en\/wp-json\/wp\/v2\/product_tag?post=283"}],"curies":[{"name":"wp","href":"https:\/\/api.w.org\/{rel}","templated":true}]}}