{"id":275,"date":"2023-08-02T19:11:43","date_gmt":"2023-08-02T16:11:43","guid":{"rendered":"https:\/\/vinkler.ee\/?post_type=product&#038;p=275"},"modified":"2023-08-02T19:11:43","modified_gmt":"2023-08-02T16:11:43","slug":"roigasmoobli-komplekt-1500","status":"publish","type":"product","link":"https:\/\/vinkler.ee\/en\/toode\/roigasmoobli-komplekt-1500\/","title":{"rendered":"Roigasm\u00f6\u00f6bli komplekt 1500"},"content":{"rendered":"","protected":false},"excerpt":{"rendered":"<p>Valmistatud m\u00e4nni ja lepa puidust.<br \/>\nViimistletud puidu\u00f5liga.<br \/>\nPikkus 150cm, plangu paksus ca45mm,<br \/>\nlaud+2pinki, kingituseks v\u00e4ike pink kaasa (v\u00e4\u00e4rtusega 60\u20ac).<br \/>\nSobilik kasutamiseks sise ja v\u00e4listingimustes.<br \/>\nV\u00f5imalik tellida seljatoega komplekte.<\/p>\n<p>Tellimusele on v\u00f5imalus ise j\u00e4rele tulla v\u00f5i lepime kokku tarnes.<br \/>\nKliendi soovil toome kaubad ise kohale v\u00f5i saadame kulleriga.<br \/>\nLisandub transpordi v\u00f5i kulleri tasu kokkuleppel kliendiga.<\/p>\n<p>Tarneaeg on laokaupadele 2-3 p\u00e4eva, valmistatavale tootele hinnanguliselt 2-14 p\u00e4eva. T\u00e4psustame enne tellimuse kinnitamist.<\/p>\n","protected":false},"featured_media":276,"comment_status":"open","ping_status":"closed","template":"","meta":{"slim_seo":{"title":"Roigasm\u00f6\u00f6bli komplekt 1500 - JAANI SAUNAPOOD","description":"Valmistatud m\u00e4nni ja lepa puidust. Viimistletud puidu\u00f5liga. Pikkus 150cm, plangu paksus ca45mm, laud+2pinki, kingituseks v\u00e4ike pink kaasa (v\u00e4\u00e4rtusega 60\u20ac). Sobi"}},"product_brand":[],"product_cat":[19],"product_tag":[],"class_list":{"0":"post-275","1":"product","2":"type-product","3":"status-publish","4":"has-post-thumbnail","6":"product_cat-lauad-ja-komplektid","8":"first","9":"instock","10":"shipping-taxable","11":"purchasable","12":"product-type-simple"},"jetpack_sharing_enabled":true,"_links":{"self":[{"href":"https:\/\/vinkler.ee\/en\/wp-json\/wp\/v2\/product\/275","targetHints":{"allow":["GET"]}}],"collection":[{"href":"https:\/\/vinkler.ee\/en\/wp-json\/wp\/v2\/product"}],"about":[{"href":"https:\/\/vinkler.ee\/en\/wp-json\/wp\/v2\/types\/product"}],"replies":[{"embeddable":true,"href":"https:\/\/vinkler.ee\/en\/wp-json\/wp\/v2\/comments?post=275"}],"wp:featuredmedia":[{"embeddable":true,"href":"https:\/\/vinkler.ee\/en\/wp-json\/wp\/v2\/media\/276"}],"wp:attachment":[{"href":"https:\/\/vinkler.ee\/en\/wp-json\/wp\/v2\/media?parent=275"}],"wp:term":[{"taxonomy":"product_brand","embeddable":true,"href":"https:\/\/vinkler.ee\/en\/wp-json\/wp\/v2\/product_brand?post=275"},{"taxonomy":"product_cat","embeddable":true,"href":"https:\/\/vinkler.ee\/en\/wp-json\/wp\/v2\/product_cat?post=275"},{"taxonomy":"product_tag","embeddable":true,"href":"https:\/\/vinkler.ee\/en\/wp-json\/wp\/v2\/product_tag?post=275"}],"curies":[{"name":"wp","href":"https:\/\/api.w.org\/{rel}","templated":true}]}}