{"id":262,"date":"2023-06-21T16:48:11","date_gmt":"2023-06-21T13:48:11","guid":{"rendered":"https:\/\/vinkler.ee\/?post_type=product&#038;p=262"},"modified":"2025-04-20T17:43:48","modified_gmt":"2025-04-20T14:43:48","slug":"lillepostament-aiadekoratsioon","status":"publish","type":"product","link":"https:\/\/vinkler.ee\/en\/toode\/lillepostament-aiadekoratsioon\/","title":{"rendered":"Lillepostament, aiadekoratsioon"},"content":{"rendered":"","protected":false},"excerpt":{"rendered":"<p>Valmistame erineva kujuga lilleriiuleid, postamente v\u00f5i aiadekoratsioone.<br \/>\nNB! Fotol olev toode on n\u00e4idis ja ei ole laokaup.<br \/>\nK\u00f5ik tooted valmivad omap\u00e4rased ja unikaalsed, soovitame enne tellimust \u00fchendust v\u00f5tta ja kirjeldada omi m\u00f5tteid, mille proovime Teile valmis toodanguna ellu viia.<\/p>\n<p>Tellimusele on v\u00f5imalus ise j\u00e4rele tulla v\u00f5i lepime kokku tarnes.<br \/>\nKliendi soovil toome kaubad ise kohale v\u00f5i saadame kulleriga.<br \/>\nLisandub transpordi v\u00f5i kulleri tasu kokkuleppel kliendiga.<\/p>\n<p>Tarneaeg on laokaupadele 2-3 p\u00e4eva, valmistatavale tootele hinnanguliselt 2-14 p\u00e4eva. T\u00e4psustame enne tellimuse kinnitamist.<\/p>\n","protected":false},"featured_media":263,"comment_status":"open","ping_status":"closed","template":"","meta":{"slim_seo":{"title":"Lillepostament, aiadekoratsioon - JAANI SAUNAPOOD","description":"Valmistame erineva kujuga lilleriiuleid, postamente v\u00f5i aiadekoratsioone. NB! Fotol olev toode on n\u00e4idis ja ei ole laokaup. K\u00f5ik tooted valmivad omap\u00e4rased ja u"}},"product_brand":[],"product_cat":[26,18],"product_tag":[],"class_list":{"0":"post-262","1":"product","2":"type-product","3":"status-publish","4":"has-post-thumbnail","6":"product_cat-lillekastid","7":"product_cat-sisustus-tooted","9":"first","10":"instock","11":"shipping-taxable","12":"purchasable","13":"product-type-simple"},"jetpack_sharing_enabled":true,"_links":{"self":[{"href":"https:\/\/vinkler.ee\/en\/wp-json\/wp\/v2\/product\/262","targetHints":{"allow":["GET"]}}],"collection":[{"href":"https:\/\/vinkler.ee\/en\/wp-json\/wp\/v2\/product"}],"about":[{"href":"https:\/\/vinkler.ee\/en\/wp-json\/wp\/v2\/types\/product"}],"replies":[{"embeddable":true,"href":"https:\/\/vinkler.ee\/en\/wp-json\/wp\/v2\/comments?post=262"}],"wp:featuredmedia":[{"embeddable":true,"href":"https:\/\/vinkler.ee\/en\/wp-json\/wp\/v2\/media\/263"}],"wp:attachment":[{"href":"https:\/\/vinkler.ee\/en\/wp-json\/wp\/v2\/media?parent=262"}],"wp:term":[{"taxonomy":"product_brand","embeddable":true,"href":"https:\/\/vinkler.ee\/en\/wp-json\/wp\/v2\/product_brand?post=262"},{"taxonomy":"product_cat","embeddable":true,"href":"https:\/\/vinkler.ee\/en\/wp-json\/wp\/v2\/product_cat?post=262"},{"taxonomy":"product_tag","embeddable":true,"href":"https:\/\/vinkler.ee\/en\/wp-json\/wp\/v2\/product_tag?post=262"}],"curies":[{"name":"wp","href":"https:\/\/api.w.org\/{rel}","templated":true}]}}