{"id":259,"date":"2023-06-21T16:31:03","date_gmt":"2023-06-21T13:31:03","guid":{"rendered":"https:\/\/vinkler.ee\/?post_type=product&#038;p=259"},"modified":"2024-12-01T01:01:36","modified_gmt":"2024-11-30T23:01:36","slug":"vaike-pink-sauna-voi-aeda","status":"publish","type":"product","link":"https:\/\/vinkler.ee\/en\/toode\/vaike-pink-sauna-voi-aeda\/","title":{"rendered":"V\u00e4ike pink sauna v\u00f5i aeda"},"content":{"rendered":"","protected":false},"excerpt":{"rendered":"<p>Erineva laiusega v\u00e4ikesed pingid<br \/>\nVarieeruv laius ca 35-40cm<br \/>\nMaterjal on lepp<br \/>\nViimistletud loodusliku \u00f5liga, lisatud kerget pruunikat tooni<br \/>\nFotol olev pikem pink 95cm hinnaga 65\u20ac<br \/>\nKaalult kerged ja vastupidavad abivahendid igas kodus!<\/p>\n<p>Tellimusele on v\u00f5imalus ise j\u00e4rele tulla v\u00f5i lepime kokku tarnes.<br \/>\nKliendi soovil toome kaubad ise kohale v\u00f5i saadame kulleriga.<br \/>\nLisandub transpordi v\u00f5i kulleri tasu kokkuleppel kliendiga.<\/p>\n<p>Tarneaeg on laokaupadele 2-3 p\u00e4eva, valmistatavale tootele hinnanguliselt 2-14 p\u00e4eva. T\u00e4psustame enne tellimuse kinnitamist.<\/p>\n","protected":false},"featured_media":260,"comment_status":"open","ping_status":"closed","template":"","meta":{"slim_seo":{"title":"V\u00e4ike pink sauna v\u00f5i aeda - JAANI SAUNAPOOD","description":"Erineva laiusega v\u00e4ikesed pingid Varieeruv laius ca 35-40cm Materjal on lepp Viimistletud loodusliku \u00f5liga, lisatud kerget pruunikat tooni Fotol olev pikem pink"}},"product_brand":[],"product_cat":[20],"product_tag":[],"class_list":{"0":"post-259","1":"product","2":"type-product","3":"status-publish","4":"has-post-thumbnail","6":"product_cat-toolid-ja-pingid","8":"first","9":"instock","10":"shipping-taxable","11":"purchasable","12":"product-type-simple"},"jetpack_sharing_enabled":true,"_links":{"self":[{"href":"https:\/\/vinkler.ee\/en\/wp-json\/wp\/v2\/product\/259","targetHints":{"allow":["GET"]}}],"collection":[{"href":"https:\/\/vinkler.ee\/en\/wp-json\/wp\/v2\/product"}],"about":[{"href":"https:\/\/vinkler.ee\/en\/wp-json\/wp\/v2\/types\/product"}],"replies":[{"embeddable":true,"href":"https:\/\/vinkler.ee\/en\/wp-json\/wp\/v2\/comments?post=259"}],"wp:featuredmedia":[{"embeddable":true,"href":"https:\/\/vinkler.ee\/en\/wp-json\/wp\/v2\/media\/260"}],"wp:attachment":[{"href":"https:\/\/vinkler.ee\/en\/wp-json\/wp\/v2\/media?parent=259"}],"wp:term":[{"taxonomy":"product_brand","embeddable":true,"href":"https:\/\/vinkler.ee\/en\/wp-json\/wp\/v2\/product_brand?post=259"},{"taxonomy":"product_cat","embeddable":true,"href":"https:\/\/vinkler.ee\/en\/wp-json\/wp\/v2\/product_cat?post=259"},{"taxonomy":"product_tag","embeddable":true,"href":"https:\/\/vinkler.ee\/en\/wp-json\/wp\/v2\/product_tag?post=259"}],"curies":[{"name":"wp","href":"https:\/\/api.w.org\/{rel}","templated":true}]}}