{"id":256,"date":"2023-06-21T16:04:04","date_gmt":"2023-06-21T13:04:04","guid":{"rendered":"https:\/\/vinkler.ee\/?post_type=product&#038;p=256"},"modified":"2023-08-02T18:35:08","modified_gmt":"2023-08-02T15:35:08","slug":"aia-voi-saunapink","status":"publish","type":"product","link":"https:\/\/vinkler.ee\/en\/toode\/aia-voi-saunapink\/","title":{"rendered":"Aia- v\u00f5i saunapink"},"content":{"rendered":"","protected":false},"excerpt":{"rendered":"<p>T\u00e4ispuidust aia- v\u00f5i saunapink<\/p>\n<p>Valmistatud lepapuust<\/p>\n<p>Viimistletud toon\u00f5liga<\/p>\n<p>M\u00f5\u00f5tmeteks: pikkus 95cm, laius 27cm, paksus 45mm<\/p>\n<p>Kaalult kerge, aga vastupidav igas olukorras!<\/p>\n<p>Tellimusele on v\u00f5imalus ise j\u00e4rele tulla v\u00f5i lepime kokku tarnes.<br \/>\nKliendi soovil toome kaubad ise kohale v\u00f5i saadame kulleriga.<br \/>\nLisandub transpordi v\u00f5i kulleri tasu kokkuleppel kliendiga.<\/p>\n<p>Tarneaeg on laokaupadele 2-3 p\u00e4eva, valmistatavale tootele hinnanguliselt 2-14 p\u00e4eva. T\u00e4psustame enne tellimuse kinnitamist.<\/p>\n","protected":false},"featured_media":257,"comment_status":"open","ping_status":"closed","template":"","meta":{"slim_seo":{"title":"Aia- v\u00f5i saunapink - JAANI SAUNAPOOD","description":"T\u00e4ispuidust aia- v\u00f5i saunapink Valmistatud lepapuust Viimistletud toon\u00f5liga M\u00f5\u00f5tmeteks: pikkus 95cm, laius 27cm, paksus 45mm Kaalult kerge, aga vastupidav igas"}},"product_brand":[],"product_cat":[20],"product_tag":[],"class_list":{"0":"post-256","1":"product","2":"type-product","3":"status-publish","4":"has-post-thumbnail","6":"product_cat-toolid-ja-pingid","8":"first","9":"instock","10":"shipping-taxable","11":"purchasable","12":"product-type-simple"},"jetpack_sharing_enabled":true,"_links":{"self":[{"href":"https:\/\/vinkler.ee\/en\/wp-json\/wp\/v2\/product\/256","targetHints":{"allow":["GET"]}}],"collection":[{"href":"https:\/\/vinkler.ee\/en\/wp-json\/wp\/v2\/product"}],"about":[{"href":"https:\/\/vinkler.ee\/en\/wp-json\/wp\/v2\/types\/product"}],"replies":[{"embeddable":true,"href":"https:\/\/vinkler.ee\/en\/wp-json\/wp\/v2\/comments?post=256"}],"wp:featuredmedia":[{"embeddable":true,"href":"https:\/\/vinkler.ee\/en\/wp-json\/wp\/v2\/media\/257"}],"wp:attachment":[{"href":"https:\/\/vinkler.ee\/en\/wp-json\/wp\/v2\/media?parent=256"}],"wp:term":[{"taxonomy":"product_brand","embeddable":true,"href":"https:\/\/vinkler.ee\/en\/wp-json\/wp\/v2\/product_brand?post=256"},{"taxonomy":"product_cat","embeddable":true,"href":"https:\/\/vinkler.ee\/en\/wp-json\/wp\/v2\/product_cat?post=256"},{"taxonomy":"product_tag","embeddable":true,"href":"https:\/\/vinkler.ee\/en\/wp-json\/wp\/v2\/product_tag?post=256"}],"curies":[{"name":"wp","href":"https:\/\/api.w.org\/{rel}","templated":true}]}}