{"id":253,"date":"2023-06-19T21:43:50","date_gmt":"2023-06-19T18:43:50","guid":{"rendered":"https:\/\/vinkler.ee\/?post_type=product&#038;p=253"},"modified":"2023-06-19T21:43:50","modified_gmt":"2023-06-19T18:43:50","slug":"lamamistool","status":"publish","type":"product","link":"https:\/\/vinkler.ee\/en\/toode\/lamamistool\/","title":{"rendered":"Lamamistool"},"content":{"rendered":"","protected":false},"excerpt":{"rendered":"<p>Ergonoomilise kujuga mugav t\u00e4ispuidust tugev lamamistool. Sobib kasutamiseks aeda, terassile sauna v\u00f5i puhketuppa.<br \/>\nLaius 70cm, pikkus 190cm<br \/>\nMaterjaliks m\u00e4nd<br \/>\nViimistletud Teak Oil puidu\u00f5liga<\/p>\n<p>Tellimusele on v\u00f5imalus ise j\u00e4rele tulla v\u00f5i lepime kokku tarnes.<br \/>\nKliendi soovil toome kaubad ise kohale v\u00f5i saadame kulleriga.<br \/>\nLisandub transpordi v\u00f5i kulleri tasu kokkuleppel kliendiga.<\/p>\n<p>Tarneaeg on laokaupadele 2-3 p\u00e4eva, valmistatavale tootele hinnanguliselt 2-14 p\u00e4eva. T\u00e4psustame enne tellimuse kinnitamist.<\/p>\n","protected":false},"featured_media":255,"comment_status":"open","ping_status":"closed","template":"","meta":{"slim_seo":{"title":"Lamamistool - JAANI SAUNAPOOD","description":"Ergonoomilise kujuga mugav t\u00e4ispuidust tugev lamamistool. Sobib kasutamiseks aeda, terassile sauna v\u00f5i puhketuppa. Laius 70cm, pikkus 190cm Materjaliks m\u00e4nd Vii"}},"product_brand":[],"product_cat":[20],"product_tag":[],"class_list":{"0":"post-253","1":"product","2":"type-product","3":"status-publish","4":"has-post-thumbnail","6":"product_cat-toolid-ja-pingid","8":"first","9":"instock","10":"shipping-taxable","11":"purchasable","12":"product-type-simple"},"jetpack_sharing_enabled":true,"_links":{"self":[{"href":"https:\/\/vinkler.ee\/en\/wp-json\/wp\/v2\/product\/253","targetHints":{"allow":["GET"]}}],"collection":[{"href":"https:\/\/vinkler.ee\/en\/wp-json\/wp\/v2\/product"}],"about":[{"href":"https:\/\/vinkler.ee\/en\/wp-json\/wp\/v2\/types\/product"}],"replies":[{"embeddable":true,"href":"https:\/\/vinkler.ee\/en\/wp-json\/wp\/v2\/comments?post=253"}],"wp:featuredmedia":[{"embeddable":true,"href":"https:\/\/vinkler.ee\/en\/wp-json\/wp\/v2\/media\/255"}],"wp:attachment":[{"href":"https:\/\/vinkler.ee\/en\/wp-json\/wp\/v2\/media?parent=253"}],"wp:term":[{"taxonomy":"product_brand","embeddable":true,"href":"https:\/\/vinkler.ee\/en\/wp-json\/wp\/v2\/product_brand?post=253"},{"taxonomy":"product_cat","embeddable":true,"href":"https:\/\/vinkler.ee\/en\/wp-json\/wp\/v2\/product_cat?post=253"},{"taxonomy":"product_tag","embeddable":true,"href":"https:\/\/vinkler.ee\/en\/wp-json\/wp\/v2\/product_tag?post=253"}],"curies":[{"name":"wp","href":"https:\/\/api.w.org\/{rel}","templated":true}]}}