{"id":240,"date":"2023-05-28T23:44:15","date_gmt":"2023-05-28T20:44:15","guid":{"rendered":"https:\/\/vinkler.ee\/?post_type=product&#038;p=240"},"modified":"2023-05-29T00:06:13","modified_gmt":"2023-05-28T21:06:13","slug":"kasvuhoone-25x4","status":"publish","type":"product","link":"https:\/\/vinkler.ee\/en\/toode\/kasvuhoone-25x4\/","title":{"rendered":"Kasvuhoone 2,5&#215;4"},"content":{"rendered":"","protected":false},"excerpt":{"rendered":"<p>Valmistatud 50x70mm puit karkassil, kaetud 6mm kihtplastikuga.<br \/>\nKatteliistud disainitud lainelise kujuga, mis toob esile efektse v\u00e4limuse.<br \/>\nV\u00f5imalik kasutada aiamajana, et kaitsta end tuuliste ilmade eest.<\/p>\n<p>M\u00f5\u00f5tmed: 250x400cm, k\u00f5rgusevalik kliendi soovil<br \/>\nViimistletud ilmastiku kindla puidu\u00f5liga.<\/p>\n<p>Erisoovide puhul kontakteeruge meiega telefoni teel ja arutame milline kasvuhoone teile sobib ning teeme valmis.<\/p>\n<p>Tellimusele on v\u00f5imalus ise j\u00e4rele tulla v\u00f5i lepime kokku tarnes.<br \/>\nKliendi soovil toome kaubad ise kohale v\u00f5i saadame kulleriga.<br \/>\nLisandub transpordi v\u00f5i kulleri tasu kokkuleppel kliendiga.<\/p>\n<p>Tarneaeg on laokaupadele 2-3 p\u00e4eva, valmistatavale tootele hinnanguliselt 2-14 p\u00e4eva. T\u00e4psustame enne tellimuse kinnitamist.<\/p>\n","protected":false},"featured_media":241,"comment_status":"open","ping_status":"closed","template":"","meta":{"slim_seo":{"title":"Kasvuhoone 2,5x4 - JAANI SAUNAPOOD","description":"Valmistatud 50x70mm puit karkassil, kaetud 6mm kihtplastikuga. Katteliistud disainitud lainelise kujuga, mis toob esile efektse v\u00e4limuse. V\u00f5imalik kasutada aiam"}},"product_brand":[],"product_cat":[21],"product_tag":[],"class_list":{"0":"post-240","1":"product","2":"type-product","3":"status-publish","4":"has-post-thumbnail","6":"product_cat-kasvuhooned-kuurid","8":"first","9":"instock","10":"shipping-taxable","11":"purchasable","12":"product-type-simple"},"jetpack_sharing_enabled":true,"_links":{"self":[{"href":"https:\/\/vinkler.ee\/en\/wp-json\/wp\/v2\/product\/240","targetHints":{"allow":["GET"]}}],"collection":[{"href":"https:\/\/vinkler.ee\/en\/wp-json\/wp\/v2\/product"}],"about":[{"href":"https:\/\/vinkler.ee\/en\/wp-json\/wp\/v2\/types\/product"}],"replies":[{"embeddable":true,"href":"https:\/\/vinkler.ee\/en\/wp-json\/wp\/v2\/comments?post=240"}],"wp:featuredmedia":[{"embeddable":true,"href":"https:\/\/vinkler.ee\/en\/wp-json\/wp\/v2\/media\/241"}],"wp:attachment":[{"href":"https:\/\/vinkler.ee\/en\/wp-json\/wp\/v2\/media?parent=240"}],"wp:term":[{"taxonomy":"product_brand","embeddable":true,"href":"https:\/\/vinkler.ee\/en\/wp-json\/wp\/v2\/product_brand?post=240"},{"taxonomy":"product_cat","embeddable":true,"href":"https:\/\/vinkler.ee\/en\/wp-json\/wp\/v2\/product_cat?post=240"},{"taxonomy":"product_tag","embeddable":true,"href":"https:\/\/vinkler.ee\/en\/wp-json\/wp\/v2\/product_tag?post=240"}],"curies":[{"name":"wp","href":"https:\/\/api.w.org\/{rel}","templated":true}]}}