{"id":236,"date":"2023-05-27T12:58:19","date_gmt":"2023-05-27T09:58:19","guid":{"rendered":"https:\/\/vinkler.ee\/?post_type=product&#038;p=236"},"modified":"2024-12-01T00:59:28","modified_gmt":"2024-11-30T22:59:28","slug":"jaatmemaja-650l-konteinerile","status":"publish","type":"product","link":"https:\/\/vinkler.ee\/en\/toode\/jaatmemaja-650l-konteinerile\/","title":{"rendered":"J\u00e4\u00e4tmemaja 650L konteinerile"},"content":{"rendered":"","protected":false},"excerpt":{"rendered":"<p>J\u00e4\u00e4tmemaja m\u00f5eldud 650liitrisele konteinerile<br \/>\nM\u00f5\u00f5dud:<br \/>\nViimistlus puudub<br \/>\nMaterjal: m\u00e4nnipuust servamatta laud<br \/>\nV\u00f5imalik tellida viimistlusega nt puidu\u00f5li, lisandub 150\u20ac<\/p>\n<p>NB! J\u00e4\u00e4tme maja m\u00fc\u00fcakse ilma konteineritta !!!<\/p>\n<p>Tellimusele on v\u00f5imalus ise j\u00e4rele tulla v\u00f5i lepime kokku tarnes.<br \/>\nKliendi soovil toome kaubad ise kohale v\u00f5i saadame kulleriga.<br \/>\nLisandub transpordi v\u00f5i kulleri tasu kokkuleppel kliendiga.<\/p>\n<p>Tarneaeg on laokaupadele 2-3 p\u00e4eva, valmistatavale tootele hinnanguliselt 2-14 p\u00e4eva. T\u00e4psustame enne tellimuse kinnitamist.<\/p>\n","protected":false},"featured_media":237,"comment_status":"open","ping_status":"closed","template":"","meta":{"slim_seo":{"title":"[:et]J\u00e4\u00e4tmemaja 650L konteinerile[:] - JAANI SAUNAPOOD","description":"[:et]J\u00e4\u00e4tmemaja m\u00f5eldud 650liitrisele konteinerile M\u00f5\u00f5dud: Viimistlus puudub Materjal: m\u00e4nnipuust servamatta laud V\u00f5imalik tellida viimistlusega nt puidu\u00f5li, li"}},"product_brand":[],"product_cat":[21],"product_tag":[],"class_list":{"0":"post-236","1":"product","2":"type-product","3":"status-publish","4":"has-post-thumbnail","6":"product_cat-kasvuhooned-kuurid","8":"first","9":"instock","10":"shipping-taxable","11":"purchasable","12":"product-type-simple"},"jetpack_sharing_enabled":true,"_links":{"self":[{"href":"https:\/\/vinkler.ee\/en\/wp-json\/wp\/v2\/product\/236","targetHints":{"allow":["GET"]}}],"collection":[{"href":"https:\/\/vinkler.ee\/en\/wp-json\/wp\/v2\/product"}],"about":[{"href":"https:\/\/vinkler.ee\/en\/wp-json\/wp\/v2\/types\/product"}],"replies":[{"embeddable":true,"href":"https:\/\/vinkler.ee\/en\/wp-json\/wp\/v2\/comments?post=236"}],"wp:featuredmedia":[{"embeddable":true,"href":"https:\/\/vinkler.ee\/en\/wp-json\/wp\/v2\/media\/237"}],"wp:attachment":[{"href":"https:\/\/vinkler.ee\/en\/wp-json\/wp\/v2\/media?parent=236"}],"wp:term":[{"taxonomy":"product_brand","embeddable":true,"href":"https:\/\/vinkler.ee\/en\/wp-json\/wp\/v2\/product_brand?post=236"},{"taxonomy":"product_cat","embeddable":true,"href":"https:\/\/vinkler.ee\/en\/wp-json\/wp\/v2\/product_cat?post=236"},{"taxonomy":"product_tag","embeddable":true,"href":"https:\/\/vinkler.ee\/en\/wp-json\/wp\/v2\/product_tag?post=236"}],"curies":[{"name":"wp","href":"https:\/\/api.w.org\/{rel}","templated":true}]}}