{"id":234,"date":"2023-05-27T12:45:52","date_gmt":"2023-05-27T09:45:52","guid":{"rendered":"https:\/\/vinkler.ee\/?post_type=product&#038;p=234"},"modified":"2023-05-27T12:45:52","modified_gmt":"2023-05-27T09:45:52","slug":"lillekast-servamatta-lauast-90x30x50","status":"publish","type":"product","link":"https:\/\/vinkler.ee\/en\/toode\/lillekast-servamatta-lauast-90x30x50\/","title":{"rendered":"Lillekast servamatta lauast 90x30x50"},"content":{"rendered":"","protected":false},"excerpt":{"rendered":"<p>Lillekast servamatta lauast jalgadel<br \/>\nM\u00f5\u00f5dud: 90x30x50cm<br \/>\nMaterjal: m\u00e4nnipuit<br \/>\nViimistletud puidu\u00f5liga<\/p>\n<p>Tellimusele on v\u00f5imalus ise j\u00e4rele tulla v\u00f5i lepime kokku tarnes.<br \/>\nKliendi soovil toome kaubad ise kohale v\u00f5i saadame kulleriga.<br \/>\nLisandub transpordi v\u00f5i kulleri tasu kokkuleppel kliendiga.<\/p>\n<p>Tarneaeg on laokaupadele 2-3 p\u00e4eva, valmistatavale tootele hinnanguliselt 2-14 p\u00e4eva. T\u00e4psustame enne tellimuse kinnitamist.<\/p>\n","protected":false},"featured_media":235,"comment_status":"open","ping_status":"closed","template":"","meta":{"slim_seo":{"title":"Lillekast servamatta lauast 90x30x50 - JAANI SAUNAPOOD","description":"Lillekast servamatta lauast jalgadel M\u00f5\u00f5dud: 90x30x50cm Materjal: m\u00e4nnipuit Viimistletud puidu\u00f5liga Tellimusele on v\u00f5imalus ise j\u00e4rele tulla v\u00f5i lepime kokku ta"}},"product_brand":[],"product_cat":[26],"product_tag":[],"class_list":{"0":"post-234","1":"product","2":"type-product","3":"status-publish","4":"has-post-thumbnail","6":"product_cat-lillekastid","8":"first","9":"instock","10":"shipping-taxable","11":"purchasable","12":"product-type-simple"},"jetpack_sharing_enabled":true,"_links":{"self":[{"href":"https:\/\/vinkler.ee\/en\/wp-json\/wp\/v2\/product\/234","targetHints":{"allow":["GET"]}}],"collection":[{"href":"https:\/\/vinkler.ee\/en\/wp-json\/wp\/v2\/product"}],"about":[{"href":"https:\/\/vinkler.ee\/en\/wp-json\/wp\/v2\/types\/product"}],"replies":[{"embeddable":true,"href":"https:\/\/vinkler.ee\/en\/wp-json\/wp\/v2\/comments?post=234"}],"wp:featuredmedia":[{"embeddable":true,"href":"https:\/\/vinkler.ee\/en\/wp-json\/wp\/v2\/media\/235"}],"wp:attachment":[{"href":"https:\/\/vinkler.ee\/en\/wp-json\/wp\/v2\/media?parent=234"}],"wp:term":[{"taxonomy":"product_brand","embeddable":true,"href":"https:\/\/vinkler.ee\/en\/wp-json\/wp\/v2\/product_brand?post=234"},{"taxonomy":"product_cat","embeddable":true,"href":"https:\/\/vinkler.ee\/en\/wp-json\/wp\/v2\/product_cat?post=234"},{"taxonomy":"product_tag","embeddable":true,"href":"https:\/\/vinkler.ee\/en\/wp-json\/wp\/v2\/product_tag?post=234"}],"curies":[{"name":"wp","href":"https:\/\/api.w.org\/{rel}","templated":true}]}}