{"id":232,"date":"2023-05-27T12:39:58","date_gmt":"2023-05-27T09:39:58","guid":{"rendered":"https:\/\/vinkler.ee\/?post_type=product&#038;p=232"},"modified":"2025-06-04T21:38:58","modified_gmt":"2025-06-04T18:38:58","slug":"aialaud-rustic-120x75","status":"publish","type":"product","link":"https:\/\/vinkler.ee\/en\/toode\/aialaud-rustic-120x75\/","title":{"rendered":"Aialaud Rustic 150&#215;75"},"content":{"rendered":"","protected":false},"excerpt":{"rendered":"<p>Aialaud 150x75x75cm<br \/>\nMaterjaliks m\u00e4nnipuit<br \/>\nViimistletud puidu\u00f5liga ja lakiga<br \/>\nLauaplaat 50mm paksusega<br \/>\nLauajalad 10x10cm paksusega <\/p>\n<p>Tellimusele on v\u00f5imalus ise j\u00e4rele tulla v\u00f5i lepime kokku tarnes.<br \/>\nKliendi soovil toome kaubad ise kohale v\u00f5i saadame kulleriga.<br \/>\nLisandub transpordi v\u00f5i kulleri tasu kokkuleppel kliendiga.<\/p>\n<p>Tarneaeg on laokaupadele 2-3 p\u00e4eva, valmistatavale tootele hinnanguliselt 2-14 p\u00e4eva. T\u00e4psustame enne tellimuse kinnitamist.<\/p>\n","protected":false},"featured_media":233,"comment_status":"open","ping_status":"closed","template":"","meta":{"slim_seo":{"title":"[:et]Aialaud Rustic 150x75[:] - JAANI SAUNAPOOD","description":"[:et]Aialaud 150x75x75cm Materjaliks m\u00e4nnipuit Viimistletud puidu\u00f5liga ja lakiga Lauaplaat 50mm paksusega Lauajalad 10x10cm paksusega Tellimusele on v\u00f5imalus is"}},"product_brand":[],"product_cat":[19],"product_tag":[],"class_list":{"0":"post-232","1":"product","2":"type-product","3":"status-publish","4":"has-post-thumbnail","6":"product_cat-lauad-ja-komplektid","8":"first","9":"instock","10":"shipping-taxable","11":"purchasable","12":"product-type-simple"},"jetpack_sharing_enabled":true,"_links":{"self":[{"href":"https:\/\/vinkler.ee\/en\/wp-json\/wp\/v2\/product\/232","targetHints":{"allow":["GET"]}}],"collection":[{"href":"https:\/\/vinkler.ee\/en\/wp-json\/wp\/v2\/product"}],"about":[{"href":"https:\/\/vinkler.ee\/en\/wp-json\/wp\/v2\/types\/product"}],"replies":[{"embeddable":true,"href":"https:\/\/vinkler.ee\/en\/wp-json\/wp\/v2\/comments?post=232"}],"wp:featuredmedia":[{"embeddable":true,"href":"https:\/\/vinkler.ee\/en\/wp-json\/wp\/v2\/media\/233"}],"wp:attachment":[{"href":"https:\/\/vinkler.ee\/en\/wp-json\/wp\/v2\/media?parent=232"}],"wp:term":[{"taxonomy":"product_brand","embeddable":true,"href":"https:\/\/vinkler.ee\/en\/wp-json\/wp\/v2\/product_brand?post=232"},{"taxonomy":"product_cat","embeddable":true,"href":"https:\/\/vinkler.ee\/en\/wp-json\/wp\/v2\/product_cat?post=232"},{"taxonomy":"product_tag","embeddable":true,"href":"https:\/\/vinkler.ee\/en\/wp-json\/wp\/v2\/product_tag?post=232"}],"curies":[{"name":"wp","href":"https:\/\/api.w.org\/{rel}","templated":true}]}}