{"id":229,"date":"2023-05-27T12:29:11","date_gmt":"2023-05-27T09:29:11","guid":{"rendered":"https:\/\/vinkler.ee\/?post_type=product&#038;p=229"},"modified":"2023-05-27T12:29:11","modified_gmt":"2023-05-27T09:29:11","slug":"peenra-aaris-laev","status":"publish","type":"product","link":"https:\/\/vinkler.ee\/en\/toode\/peenra-aaris-laev\/","title":{"rendered":"Peenra \u00e4\u00e4ris Laev"},"content":{"rendered":"","protected":false},"excerpt":{"rendered":"<p>Peenra \u00e4\u00e4ris v\u00f5i lillekast paadi kujuline<br \/>\nM\u00f5\u00f5dud: ca 200x50x30cm<br \/>\nViimistletud puidu\u00f5liga<br \/>\nMaterjaliks m\u00e4nnipuit<\/p>\n<p>Tellimusele on v\u00f5imalus ise j\u00e4rele tulla v\u00f5i lepime kokku tarnes.<br \/>\nKliendi soovil toome kaubad ise kohale v\u00f5i saadame kulleriga.<br \/>\nLisandub transpordi v\u00f5i kulleri tasu kokkuleppel kliendiga.<\/p>\n<p>Tarneaeg on laokaupadele 2-3 p\u00e4eva, valmistatavale tootele hinnanguliselt 2-14 p\u00e4eva. T\u00e4psustame enne tellimuse kinnitamist.<\/p>\n","protected":false},"featured_media":230,"comment_status":"open","ping_status":"closed","template":"","meta":{"slim_seo":{"title":"Peenra \u00e4\u00e4ris Laev - JAANI SAUNAPOOD","description":"Peenra \u00e4\u00e4ris v\u00f5i lillekast paadi kujuline M\u00f5\u00f5dud: ca 200x50x30cm Viimistletud puidu\u00f5liga Materjaliks m\u00e4nnipuit Tellimusele on v\u00f5imalus ise j\u00e4rele tulla v\u00f5i lepi"}},"product_brand":[],"product_cat":[26],"product_tag":[],"class_list":{"0":"post-229","1":"product","2":"type-product","3":"status-publish","4":"has-post-thumbnail","6":"product_cat-lillekastid","8":"first","9":"instock","10":"shipping-taxable","11":"purchasable","12":"product-type-simple"},"jetpack_sharing_enabled":true,"_links":{"self":[{"href":"https:\/\/vinkler.ee\/en\/wp-json\/wp\/v2\/product\/229","targetHints":{"allow":["GET"]}}],"collection":[{"href":"https:\/\/vinkler.ee\/en\/wp-json\/wp\/v2\/product"}],"about":[{"href":"https:\/\/vinkler.ee\/en\/wp-json\/wp\/v2\/types\/product"}],"replies":[{"embeddable":true,"href":"https:\/\/vinkler.ee\/en\/wp-json\/wp\/v2\/comments?post=229"}],"wp:featuredmedia":[{"embeddable":true,"href":"https:\/\/vinkler.ee\/en\/wp-json\/wp\/v2\/media\/230"}],"wp:attachment":[{"href":"https:\/\/vinkler.ee\/en\/wp-json\/wp\/v2\/media?parent=229"}],"wp:term":[{"taxonomy":"product_brand","embeddable":true,"href":"https:\/\/vinkler.ee\/en\/wp-json\/wp\/v2\/product_brand?post=229"},{"taxonomy":"product_cat","embeddable":true,"href":"https:\/\/vinkler.ee\/en\/wp-json\/wp\/v2\/product_cat?post=229"},{"taxonomy":"product_tag","embeddable":true,"href":"https:\/\/vinkler.ee\/en\/wp-json\/wp\/v2\/product_tag?post=229"}],"curies":[{"name":"wp","href":"https:\/\/api.w.org\/{rel}","templated":true}]}}