{"id":226,"date":"2023-05-27T12:23:02","date_gmt":"2023-05-27T09:23:02","guid":{"rendered":"https:\/\/vinkler.ee\/?post_type=product&#038;p=226"},"modified":"2023-05-27T12:24:39","modified_gmt":"2023-05-27T09:24:39","slug":"peenra-aaris-laine-100x100","status":"publish","type":"product","link":"https:\/\/vinkler.ee\/en\/toode\/peenra-aaris-laine-100x100\/","title":{"rendered":"Peenra \u00e4\u00e4ris Laine 100&#215;100"},"content":{"rendered":"","protected":false},"excerpt":{"rendered":"<p>Peenra \u00e4\u00e4ris 100x100x30cm<br \/>\nViimistletud puidu\u00f5liga<br \/>\nMaterjal: m\u00e4nnipuit<\/p>\n<p>Tellimusele on v\u00f5imalus ise j\u00e4rele tulla v\u00f5i lepime kokku tarnes.<br \/>\nKliendi soovil toome kaubad ise kohale v\u00f5i saadame kulleriga.<br \/>\nLisandub transpordi v\u00f5i kulleri tasu kokkuleppel kliendiga.<\/p>\n<p>Tarneaeg on laokaupadele 2-3 p\u00e4eva, valmistatavale tootele hinnanguliselt 2-14 p\u00e4eva. T\u00e4psustame enne tellimuse kinnitamist.<\/p>\n","protected":false},"featured_media":227,"comment_status":"open","ping_status":"closed","template":"","meta":{"slim_seo":{"title":"Peenra \u00e4\u00e4ris Laine 100x100 - JAANI SAUNAPOOD","description":"Peenra \u00e4\u00e4ris 100x100x30cm Viimistletud puidu\u00f5liga Materjal: m\u00e4nnipuit Tellimusele on v\u00f5imalus ise j\u00e4rele tulla v\u00f5i lepime kokku tarnes. Kliendi soovil toome kau"}},"product_brand":[],"product_cat":[26],"product_tag":[],"class_list":{"0":"post-226","1":"product","2":"type-product","3":"status-publish","4":"has-post-thumbnail","6":"product_cat-lillekastid","8":"first","9":"instock","10":"shipping-taxable","11":"purchasable","12":"product-type-simple"},"jetpack_sharing_enabled":true,"_links":{"self":[{"href":"https:\/\/vinkler.ee\/en\/wp-json\/wp\/v2\/product\/226","targetHints":{"allow":["GET"]}}],"collection":[{"href":"https:\/\/vinkler.ee\/en\/wp-json\/wp\/v2\/product"}],"about":[{"href":"https:\/\/vinkler.ee\/en\/wp-json\/wp\/v2\/types\/product"}],"replies":[{"embeddable":true,"href":"https:\/\/vinkler.ee\/en\/wp-json\/wp\/v2\/comments?post=226"}],"wp:featuredmedia":[{"embeddable":true,"href":"https:\/\/vinkler.ee\/en\/wp-json\/wp\/v2\/media\/227"}],"wp:attachment":[{"href":"https:\/\/vinkler.ee\/en\/wp-json\/wp\/v2\/media?parent=226"}],"wp:term":[{"taxonomy":"product_brand","embeddable":true,"href":"https:\/\/vinkler.ee\/en\/wp-json\/wp\/v2\/product_brand?post=226"},{"taxonomy":"product_cat","embeddable":true,"href":"https:\/\/vinkler.ee\/en\/wp-json\/wp\/v2\/product_cat?post=226"},{"taxonomy":"product_tag","embeddable":true,"href":"https:\/\/vinkler.ee\/en\/wp-json\/wp\/v2\/product_tag?post=226"}],"curies":[{"name":"wp","href":"https:\/\/api.w.org\/{rel}","templated":true}]}}