{"id":221,"date":"2023-05-16T12:35:16","date_gmt":"2023-05-16T09:35:16","guid":{"rendered":"https:\/\/vinkler.ee\/?post_type=product&#038;p=221"},"modified":"2023-06-27T23:18:04","modified_gmt":"2023-06-27T20:18:04","slug":"lillekast-kaev","status":"publish","type":"product","link":"https:\/\/vinkler.ee\/en\/toode\/lillekast-kaev\/","title":{"rendered":"Lillekast Kaev"},"content":{"rendered":"","protected":false},"excerpt":{"rendered":"<p>K\u00e4sit\u00f6\u00f6 lillekast kaevurakise kujuga.<\/p>\n<p>Valmistatud m\u00e4nni ja kuusepuidust<br \/>\nViimistletud Teak Oil \u00f5liga<\/p>\n<p>M\u00f5\u00f5tmed: 65x65x120cm<\/p>\n<p>Tellimusele on v\u00f5imalus ise j\u00e4rele tulla v\u00f5i lepime kokku tarnes.<br \/>\nKliendi soovil toome kaubad ise kohale v\u00f5i saadame kulleriga.<br \/>\nLisandub transpordi v\u00f5i kulleri tasu kokkuleppel kliendiga.<\/p>\n<p>Tarneaeg on laokaupadele 2-3 p\u00e4eva, valmistatavale tootele hinnanguliselt 2-14 p\u00e4eva. T\u00e4psustame enne tellimuse kinnitamist.<\/p>\n","protected":false},"featured_media":222,"comment_status":"open","ping_status":"closed","template":"","meta":{"slim_seo":{"title":"Lillekast Kaev - JAANI SAUNAPOOD","description":"K\u00e4sit\u00f6\u00f6 lillekast kaevurakise kujuga. Valmistatud m\u00e4nni ja kuusepuidust Viimistletud Teak Oil \u00f5liga M\u00f5\u00f5tmed: 65x65x120cm Tellimusele on v\u00f5imalus ise j\u00e4rele tull"}},"product_brand":[],"product_cat":[26,25,18],"product_tag":[],"class_list":{"0":"post-221","1":"product","2":"type-product","3":"status-publish","4":"has-post-thumbnail","6":"product_cat-lillekastid","7":"product_cat-muud-kasitoo-tooted","8":"product_cat-sisustus-tooted","10":"first","11":"instock","12":"sale","13":"shipping-taxable","14":"purchasable","15":"product-type-simple"},"jetpack_sharing_enabled":true,"_links":{"self":[{"href":"https:\/\/vinkler.ee\/en\/wp-json\/wp\/v2\/product\/221","targetHints":{"allow":["GET"]}}],"collection":[{"href":"https:\/\/vinkler.ee\/en\/wp-json\/wp\/v2\/product"}],"about":[{"href":"https:\/\/vinkler.ee\/en\/wp-json\/wp\/v2\/types\/product"}],"replies":[{"embeddable":true,"href":"https:\/\/vinkler.ee\/en\/wp-json\/wp\/v2\/comments?post=221"}],"wp:featuredmedia":[{"embeddable":true,"href":"https:\/\/vinkler.ee\/en\/wp-json\/wp\/v2\/media\/222"}],"wp:attachment":[{"href":"https:\/\/vinkler.ee\/en\/wp-json\/wp\/v2\/media?parent=221"}],"wp:term":[{"taxonomy":"product_brand","embeddable":true,"href":"https:\/\/vinkler.ee\/en\/wp-json\/wp\/v2\/product_brand?post=221"},{"taxonomy":"product_cat","embeddable":true,"href":"https:\/\/vinkler.ee\/en\/wp-json\/wp\/v2\/product_cat?post=221"},{"taxonomy":"product_tag","embeddable":true,"href":"https:\/\/vinkler.ee\/en\/wp-json\/wp\/v2\/product_tag?post=221"}],"curies":[{"name":"wp","href":"https:\/\/api.w.org\/{rel}","templated":true}]}}