{"id":215,"date":"2023-05-16T12:16:42","date_gmt":"2023-05-16T09:16:42","guid":{"rendered":"https:\/\/vinkler.ee\/?post_type=product&#038;p=215"},"modified":"2023-05-16T12:16:42","modified_gmt":"2023-05-16T09:16:42","slug":"vaike-pink-2","status":"publish","type":"product","link":"https:\/\/vinkler.ee\/en\/toode\/vaike-pink-2\/","title":{"rendered":"V\u00e4ike pink"},"content":{"rendered":"","protected":false},"excerpt":{"rendered":"<p>Valmistatud m\u00e4nni v\u00f5i lehtpuu pakust, \u00fchet\u00fckina ja tugev konstruktsioon.<br \/>\nM\u00f5\u00f5tmed: ca 30 x 35cm<\/p>\n<p>V\u00f5imalus viimistleda puidu\u00f5liga v\u00f5i muul viisil kliendi soovil.<\/p>\n<p>Tellimusele on v\u00f5imalus ise j\u00e4rele tulla v\u00f5i lepime kokku tarnes.<br \/>\nKliendi soovil toome kaubad ise kohale v\u00f5i saadame kulleriga.<br \/>\nLisandub transpordi v\u00f5i kulleri tasu kokkuleppel kliendiga.<\/p>\n<p>Tarneaeg on laokaupadele 2-3 p\u00e4eva, valmistatavale tootele hinnanguliselt 2-14 p\u00e4eva. T\u00e4psustame enne tellimuse kinnitamist<\/p>\n","protected":false},"featured_media":216,"comment_status":"open","ping_status":"closed","template":"","meta":{"slim_seo":{"title":"V\u00e4ike pink - JAANI SAUNAPOOD","description":"Valmistatud m\u00e4nni v\u00f5i lehtpuu pakust, \u00fchet\u00fckina ja tugev konstruktsioon. M\u00f5\u00f5tmed: ca 30 x 35cm V\u00f5imalus viimistleda puidu\u00f5liga v\u00f5i muul viisil kliendi soovil. T"}},"product_brand":[],"product_cat":[20],"product_tag":[],"class_list":{"0":"post-215","1":"product","2":"type-product","3":"status-publish","4":"has-post-thumbnail","6":"product_cat-toolid-ja-pingid","8":"first","9":"instock","10":"shipping-taxable","11":"purchasable","12":"product-type-simple"},"jetpack_sharing_enabled":true,"_links":{"self":[{"href":"https:\/\/vinkler.ee\/en\/wp-json\/wp\/v2\/product\/215","targetHints":{"allow":["GET"]}}],"collection":[{"href":"https:\/\/vinkler.ee\/en\/wp-json\/wp\/v2\/product"}],"about":[{"href":"https:\/\/vinkler.ee\/en\/wp-json\/wp\/v2\/types\/product"}],"replies":[{"embeddable":true,"href":"https:\/\/vinkler.ee\/en\/wp-json\/wp\/v2\/comments?post=215"}],"wp:featuredmedia":[{"embeddable":true,"href":"https:\/\/vinkler.ee\/en\/wp-json\/wp\/v2\/media\/216"}],"wp:attachment":[{"href":"https:\/\/vinkler.ee\/en\/wp-json\/wp\/v2\/media?parent=215"}],"wp:term":[{"taxonomy":"product_brand","embeddable":true,"href":"https:\/\/vinkler.ee\/en\/wp-json\/wp\/v2\/product_brand?post=215"},{"taxonomy":"product_cat","embeddable":true,"href":"https:\/\/vinkler.ee\/en\/wp-json\/wp\/v2\/product_cat?post=215"},{"taxonomy":"product_tag","embeddable":true,"href":"https:\/\/vinkler.ee\/en\/wp-json\/wp\/v2\/product_tag?post=215"}],"curies":[{"name":"wp","href":"https:\/\/api.w.org\/{rel}","templated":true}]}}