{"id":214,"date":"2023-05-16T12:04:44","date_gmt":"2023-05-16T09:04:44","guid":{"rendered":"https:\/\/vinkler.ee\/?post_type=product&#038;p=214"},"modified":"2023-08-02T19:17:20","modified_gmt":"2023-08-02T16:17:20","slug":"aiamoobli-komplekt-2","status":"publish","type":"product","link":"https:\/\/vinkler.ee\/en\/toode\/aiamoobli-komplekt-2\/","title":{"rendered":"Aiam\u00f6\u00f6bli komplekt"},"content":{"rendered":"","protected":false},"excerpt":{"rendered":"<p>Roigasm\u00f6\u00f6bli komplekt<\/p>\n<p>Materjaliks m\u00e4nnipuit ja lepapuit.<\/p>\n<p>Laud 750&#215;1200 mm<\/p>\n<p>Pink 350 x 1200 mm <\/p>\n<p>Taburett ca 350 x 350 mm<\/p>\n<p>Tellimusele on v\u00f5imalus ise j\u00e4rele tulla v\u00f5i lepime kokku tarnes.<br \/>\nKliendi soovil toome kaubad ise kohale v\u00f5i saadame kulleriga.<br \/>\nLisandub transpordi v\u00f5i kulleri tasu kokkuleppel kliendiga.<\/p>\n<p>Tarneaeg on laokaupadele 2-3 p\u00e4eva, valmistatavale tootele hinnanguliselt 2-14 p\u00e4eva. T\u00e4psustame enne tellimuse kinnitamist.<\/p>\n","protected":false},"featured_media":177,"comment_status":"open","ping_status":"closed","template":"","meta":{"slim_seo":{"title":"Aiam\u00f6\u00f6bli komplekt - JAANI SAUNAPOOD","description":"Roigasm\u00f6\u00f6bli komplekt Materjaliks m\u00e4nnipuit ja lepapuit. Laud 750x1200 mm Pink 350 x 1200 mm Taburett ca 350 x 350 mm Tellimusele on v\u00f5imalus ise j\u00e4rele tulla v"}},"product_brand":[],"product_cat":[19],"product_tag":[],"class_list":{"0":"post-214","1":"product","2":"type-product","3":"status-publish","4":"has-post-thumbnail","6":"product_cat-lauad-ja-komplektid","8":"first","9":"instock","10":"shipping-taxable","11":"purchasable","12":"product-type-simple"},"jetpack_sharing_enabled":true,"_links":{"self":[{"href":"https:\/\/vinkler.ee\/en\/wp-json\/wp\/v2\/product\/214","targetHints":{"allow":["GET"]}}],"collection":[{"href":"https:\/\/vinkler.ee\/en\/wp-json\/wp\/v2\/product"}],"about":[{"href":"https:\/\/vinkler.ee\/en\/wp-json\/wp\/v2\/types\/product"}],"replies":[{"embeddable":true,"href":"https:\/\/vinkler.ee\/en\/wp-json\/wp\/v2\/comments?post=214"}],"wp:featuredmedia":[{"embeddable":true,"href":"https:\/\/vinkler.ee\/en\/wp-json\/wp\/v2\/media\/177"}],"wp:attachment":[{"href":"https:\/\/vinkler.ee\/en\/wp-json\/wp\/v2\/media?parent=214"}],"wp:term":[{"taxonomy":"product_brand","embeddable":true,"href":"https:\/\/vinkler.ee\/en\/wp-json\/wp\/v2\/product_brand?post=214"},{"taxonomy":"product_cat","embeddable":true,"href":"https:\/\/vinkler.ee\/en\/wp-json\/wp\/v2\/product_cat?post=214"},{"taxonomy":"product_tag","embeddable":true,"href":"https:\/\/vinkler.ee\/en\/wp-json\/wp\/v2\/product_tag?post=214"}],"curies":[{"name":"wp","href":"https:\/\/api.w.org\/{rel}","templated":true}]}}