{"id":210,"date":"2023-04-22T00:03:40","date_gmt":"2023-04-21T21:03:40","guid":{"rendered":"https:\/\/vinkler.ee\/?post_type=product&#038;p=210"},"modified":"2023-04-22T00:09:42","modified_gmt":"2023-04-21T21:09:42","slug":"joonistustahvel","status":"publish","type":"product","link":"https:\/\/vinkler.ee\/en\/toode\/joonistustahvel\/","title":{"rendered":"Joonistustahvel"},"content":{"rendered":"","protected":false},"excerpt":{"rendered":"<p>Valmistame erineva kuju ja suurusega laste kriiditahvleid<\/p>\n<p>Viimistletud puiduv\u00e4rviga ja keskel must tahvliv\u00e4rv<\/p>\n<p>Tellimusele on v\u00f5imalus ise j\u00e4rele tulla v\u00f5i lepime kokku tarnes.<br \/>\nKliendi soovil toome kaubad ise kohale v\u00f5i saadame kulleriga.<br \/>\nLisandub transpordi v\u00f5i kulleri tasu kokkuleppel kliendiga.<\/p>\n<p>Tarneaeg on laokaupadele 2-3 p\u00e4eva, valmistatavale tootele hinnanguliselt 2-14 p\u00e4eva. T\u00e4psustame enne tellimuse kinnitamist.<\/p>\n","protected":false},"featured_media":211,"comment_status":"open","ping_status":"closed","template":"","meta":{"slim_seo":{"title":"Joonistustahvel - JAANI SAUNAPOOD","description":"Valmistame erineva kuju ja suurusega laste kriiditahvleid Viimistletud puiduv\u00e4rviga ja keskel must tahvliv\u00e4rv Tellimusele on v\u00f5imalus ise j\u00e4rele tulla v\u00f5i lepim"}},"product_brand":[],"product_cat":[23],"product_tag":[],"class_list":{"0":"post-210","1":"product","2":"type-product","3":"status-publish","4":"has-post-thumbnail","6":"product_cat-manguvaljakud","8":"first","9":"instock","10":"shipping-taxable","11":"purchasable","12":"product-type-simple"},"jetpack_sharing_enabled":true,"_links":{"self":[{"href":"https:\/\/vinkler.ee\/en\/wp-json\/wp\/v2\/product\/210","targetHints":{"allow":["GET"]}}],"collection":[{"href":"https:\/\/vinkler.ee\/en\/wp-json\/wp\/v2\/product"}],"about":[{"href":"https:\/\/vinkler.ee\/en\/wp-json\/wp\/v2\/types\/product"}],"replies":[{"embeddable":true,"href":"https:\/\/vinkler.ee\/en\/wp-json\/wp\/v2\/comments?post=210"}],"wp:featuredmedia":[{"embeddable":true,"href":"https:\/\/vinkler.ee\/en\/wp-json\/wp\/v2\/media\/211"}],"wp:attachment":[{"href":"https:\/\/vinkler.ee\/en\/wp-json\/wp\/v2\/media?parent=210"}],"wp:term":[{"taxonomy":"product_brand","embeddable":true,"href":"https:\/\/vinkler.ee\/en\/wp-json\/wp\/v2\/product_brand?post=210"},{"taxonomy":"product_cat","embeddable":true,"href":"https:\/\/vinkler.ee\/en\/wp-json\/wp\/v2\/product_cat?post=210"},{"taxonomy":"product_tag","embeddable":true,"href":"https:\/\/vinkler.ee\/en\/wp-json\/wp\/v2\/product_tag?post=210"}],"curies":[{"name":"wp","href":"https:\/\/api.w.org\/{rel}","templated":true}]}}