{"id":207,"date":"2023-04-21T23:54:35","date_gmt":"2023-04-21T20:54:35","guid":{"rendered":"https:\/\/vinkler.ee\/?post_type=product&#038;p=207"},"modified":"2023-04-22T00:01:07","modified_gmt":"2023-04-21T21:01:07","slug":"koerakuut-soojustatud","status":"publish","type":"product","link":"https:\/\/vinkler.ee\/en\/toode\/koerakuut-soojustatud\/","title":{"rendered":"Koerakuut soojustatud"},"content":{"rendered":"","protected":false},"excerpt":{"rendered":"<p>Koeramaja on soojustatud kivivillaga, kahe toaline mugavustega majake<br \/>\nM\u00f5\u00f5tmed: ca 120x120x70cm<\/p>\n<p>Viimistletud Teak Oil puidu\u00f5liga<br \/>\nV\u00f5imalus tellida just Teile sobiliku majakese!<\/p>\n<p>Tellimusele on v\u00f5imalus ise j\u00e4rele tulla v\u00f5i lepime kokku tarnes.<br \/>\nKliendi soovil toome kaubad ise kohale v\u00f5i saadame kulleriga.<br \/>\nLisandub transpordi v\u00f5i kulleri tasu kokkuleppel kliendiga.<\/p>\n<p>Tarneaeg on laokaupadele 2-3 p\u00e4eva, valmistatavale tootele hinnanguliselt 2-14 p\u00e4eva. T\u00e4psustame enne tellimuse kinnitamist.<\/p>\n","protected":false},"featured_media":208,"comment_status":"open","ping_status":"closed","template":"","meta":{"slim_seo":{"title":"Koerakuut soojustatud - JAANI SAUNAPOOD","description":"Koeramaja on soojustatud kivivillaga, kahe toaline mugavustega majake M\u00f5\u00f5tmed: ca 120x120x70cm Viimistletud Teak Oil puidu\u00f5liga V\u00f5imalus tellida just Teile sobi"}},"product_brand":[],"product_cat":[21],"product_tag":[],"class_list":{"0":"post-207","1":"product","2":"type-product","3":"status-publish","4":"has-post-thumbnail","6":"product_cat-kasvuhooned-kuurid","8":"first","9":"instock","10":"shipping-taxable","11":"purchasable","12":"product-type-simple"},"jetpack_sharing_enabled":true,"_links":{"self":[{"href":"https:\/\/vinkler.ee\/en\/wp-json\/wp\/v2\/product\/207","targetHints":{"allow":["GET"]}}],"collection":[{"href":"https:\/\/vinkler.ee\/en\/wp-json\/wp\/v2\/product"}],"about":[{"href":"https:\/\/vinkler.ee\/en\/wp-json\/wp\/v2\/types\/product"}],"replies":[{"embeddable":true,"href":"https:\/\/vinkler.ee\/en\/wp-json\/wp\/v2\/comments?post=207"}],"wp:featuredmedia":[{"embeddable":true,"href":"https:\/\/vinkler.ee\/en\/wp-json\/wp\/v2\/media\/208"}],"wp:attachment":[{"href":"https:\/\/vinkler.ee\/en\/wp-json\/wp\/v2\/media?parent=207"}],"wp:term":[{"taxonomy":"product_brand","embeddable":true,"href":"https:\/\/vinkler.ee\/en\/wp-json\/wp\/v2\/product_brand?post=207"},{"taxonomy":"product_cat","embeddable":true,"href":"https:\/\/vinkler.ee\/en\/wp-json\/wp\/v2\/product_cat?post=207"},{"taxonomy":"product_tag","embeddable":true,"href":"https:\/\/vinkler.ee\/en\/wp-json\/wp\/v2\/product_tag?post=207"}],"curies":[{"name":"wp","href":"https:\/\/api.w.org\/{rel}","templated":true}]}}