{"id":190,"date":"2023-04-21T01:39:47","date_gmt":"2023-04-20T22:39:47","guid":{"rendered":"https:\/\/vinkler.ee\/?post_type=product&#038;p=190"},"modified":"2023-04-21T01:46:34","modified_gmt":"2023-04-20T22:46:34","slug":"majavoodi-getter","status":"publish","type":"product","link":"https:\/\/vinkler.ee\/en\/toode\/majavoodi-getter\/","title":{"rendered":"Majavoodi Getter"},"content":{"rendered":"<p>Materjal: m\u00e4nnipuit<\/p>\n<p>Viimistlus: pruun, valge, v\u00e4rvitu natural m\u00e4nd<\/p>\n<p>Pikkus: 140cm<br \/>\nLaius: 70cm<\/p>\n<p>Tellimusele on v\u00f5imalus ise j\u00e4rele tulla v\u00f5i lepime kokku tarnes.<br \/>\nKliendi soovil toome kaubad ise kohale v\u00f5i saadame kulleriga.<br \/>\nLisandub transpordi v\u00f5i kulleri tasu kokkuleppel kliendiga.<\/p>\n<p>Tarneaeg on laokaupadele 2-3 p\u00e4eva, valmistatavale tootele hinnanguliselt 2-14 p\u00e4eva. T\u00e4psustame enne tellimuse kinnitamist.<\/p>\n","protected":false},"excerpt":{"rendered":"<p>Materjal: m\u00e4nnipuit Viimistlus: pruun, valge, v\u00e4rvitu natural m\u00e4nd Pikkus: 140cm Laius: 70cm Tellimusele on v\u00f5imalus ise j\u00e4rele tulla v\u00f5i lepime kokku tarnes. Kliendi soovil toome kaubad ise kohale v\u00f5i saadame kulleriga. Lisandub transpordi v\u00f5i kulleri tasu kokkuleppel kliendiga. Tarneaeg on laokaupadele 2-3 p\u00e4eva, valmistatavale tootele hinnanguliselt 2-14 p\u00e4eva. T\u00e4psustame enne tellimuse kinnitamist.<\/p>\n","protected":false},"featured_media":191,"comment_status":"open","ping_status":"closed","template":"","meta":{"slim_seo":{"title":"Majavoodi Getter - JAANI SAUNAPOOD","description":"Materjal: m\u00e4nnipuit Viimistlus: pruun, valge, v\u00e4rvitu natural m\u00e4nd Pikkus: 140cm Laius: 70cm Tellimusele on v\u00f5imalus ise j\u00e4rele tulla v\u00f5i lepime kokku tarnes. K"}},"product_brand":[],"product_cat":[18],"product_tag":[],"class_list":{"0":"post-190","1":"product","2":"type-product","3":"status-publish","4":"has-post-thumbnail","6":"product_cat-sisustus-tooted","8":"first","9":"instock","10":"sale","11":"shipping-taxable","12":"purchasable","13":"product-type-simple"},"jetpack_sharing_enabled":true,"_links":{"self":[{"href":"https:\/\/vinkler.ee\/en\/wp-json\/wp\/v2\/product\/190","targetHints":{"allow":["GET"]}}],"collection":[{"href":"https:\/\/vinkler.ee\/en\/wp-json\/wp\/v2\/product"}],"about":[{"href":"https:\/\/vinkler.ee\/en\/wp-json\/wp\/v2\/types\/product"}],"replies":[{"embeddable":true,"href":"https:\/\/vinkler.ee\/en\/wp-json\/wp\/v2\/comments?post=190"}],"wp:featuredmedia":[{"embeddable":true,"href":"https:\/\/vinkler.ee\/en\/wp-json\/wp\/v2\/media\/191"}],"wp:attachment":[{"href":"https:\/\/vinkler.ee\/en\/wp-json\/wp\/v2\/media?parent=190"}],"wp:term":[{"taxonomy":"product_brand","embeddable":true,"href":"https:\/\/vinkler.ee\/en\/wp-json\/wp\/v2\/product_brand?post=190"},{"taxonomy":"product_cat","embeddable":true,"href":"https:\/\/vinkler.ee\/en\/wp-json\/wp\/v2\/product_cat?post=190"},{"taxonomy":"product_tag","embeddable":true,"href":"https:\/\/vinkler.ee\/en\/wp-json\/wp\/v2\/product_tag?post=190"}],"curies":[{"name":"wp","href":"https:\/\/api.w.org\/{rel}","templated":true}]}}