{"id":167,"date":"2022-12-10T17:01:07","date_gmt":"2022-12-10T15:01:07","guid":{"rendered":"https:\/\/vinkler.ee\/?post_type=product&#038;p=167"},"modified":"2022-12-10T17:01:32","modified_gmt":"2022-12-10T15:01:32","slug":"riiuliga-kahene-riidenagi","status":"publish","type":"product","link":"https:\/\/vinkler.ee\/en\/toode\/riiuliga-kahene-riidenagi\/","title":{"rendered":"Riiuliga kahene riidenagi"},"content":{"rendered":"","protected":false},"excerpt":{"rendered":"<p>Kaherealine riidenagi 5 konksuga ja riiuliga.<br \/>\nM\u00f5\u00f5tmed: laius 70 cm ja k\u00f5rgus 60cm<br \/>\nValmistatud lepapuust ja viimistletud lina\u00f5liga.<\/p>\n<p>Tellimusele on v\u00f5imalus ise j\u00e4rele tulla v\u00f5i lepime kokku tarnes.<br \/>\nKliendi soovil toome kaubad ise kohale v\u00f5i saadame kulleriga.<br \/>\nLisandub transpordi v\u00f5i kulleri tasu kokkuleppel kliendiga.<\/p>\n<p>Tarneaeg on laokaupadele 2-3 p\u00e4eva, valmistatavale tootele hinnanguliselt 2-14 p\u00e4eva. T\u00e4psustame enne tellimuse kinnitamist.<\/p>\n","protected":false},"featured_media":168,"comment_status":"open","ping_status":"closed","template":"","meta":{"slim_seo":{"title":"Riiuliga kahene riidenagi - JAANI SAUNAPOOD","description":"Kaherealine riidenagi 5 konksuga ja riiuliga. M\u00f5\u00f5tmed: laius 70 cm ja k\u00f5rgus 60cm Valmistatud lepapuust ja viimistletud lina\u00f5liga. Tellimusele on v\u00f5imalus ise j"}},"product_brand":[],"product_cat":[24],"product_tag":[],"class_list":{"0":"post-167","1":"product","2":"type-product","3":"status-publish","4":"has-post-thumbnail","6":"product_cat-riiulid-ja-riidenagid","8":"first","9":"instock","10":"shipping-taxable","11":"purchasable","12":"product-type-simple"},"jetpack_sharing_enabled":true,"_links":{"self":[{"href":"https:\/\/vinkler.ee\/en\/wp-json\/wp\/v2\/product\/167","targetHints":{"allow":["GET"]}}],"collection":[{"href":"https:\/\/vinkler.ee\/en\/wp-json\/wp\/v2\/product"}],"about":[{"href":"https:\/\/vinkler.ee\/en\/wp-json\/wp\/v2\/types\/product"}],"replies":[{"embeddable":true,"href":"https:\/\/vinkler.ee\/en\/wp-json\/wp\/v2\/comments?post=167"}],"wp:featuredmedia":[{"embeddable":true,"href":"https:\/\/vinkler.ee\/en\/wp-json\/wp\/v2\/media\/168"}],"wp:attachment":[{"href":"https:\/\/vinkler.ee\/en\/wp-json\/wp\/v2\/media?parent=167"}],"wp:term":[{"taxonomy":"product_brand","embeddable":true,"href":"https:\/\/vinkler.ee\/en\/wp-json\/wp\/v2\/product_brand?post=167"},{"taxonomy":"product_cat","embeddable":true,"href":"https:\/\/vinkler.ee\/en\/wp-json\/wp\/v2\/product_cat?post=167"},{"taxonomy":"product_tag","embeddable":true,"href":"https:\/\/vinkler.ee\/en\/wp-json\/wp\/v2\/product_tag?post=167"}],"curies":[{"name":"wp","href":"https:\/\/api.w.org\/{rel}","templated":true}]}}