{"id":164,"date":"2022-12-10T16:52:22","date_gmt":"2022-12-10T14:52:22","guid":{"rendered":"https:\/\/vinkler.ee\/?post_type=product&#038;p=164"},"modified":"2022-12-10T16:52:22","modified_gmt":"2022-12-10T14:52:22","slug":"osavusmang-slaalom","status":"publish","type":"product","link":"https:\/\/vinkler.ee\/en\/toode\/osavusmang-slaalom\/","title":{"rendered":"Osavusm\u00e4ng Slaalom"},"content":{"rendered":"","protected":false},"excerpt":{"rendered":"<p>M\u00e4ng on valmistatud puit raamil ja vineerp\u00f5hjal<br \/>\nM\u00e4ngulaual takistus avad saab tellida erineva kuju ja suurusega<br \/>\nLaua m\u00f5\u00f5dud on 100x160cm, v\u00f5imalik tellida teiste m\u00f5\u00f5tmetega<\/p>\n<p>M\u00e4ngida v\u00f5imalik \u00fcksinda v\u00f5i mitmekesi.<br \/>\nLaual olev pall tuleb veeretada \u00fchest nurgast teise, m\u00f6\u00f6dudes takistustest<\/p>\n<p>Tellimusele on v\u00f5imalus ise j\u00e4rele tulla v\u00f5i lepime kokku tarnes.<br \/>\nKliendi soovil toome kaubad ise kohale v\u00f5i saadame kulleriga.<br \/>\nLisandub transpordi v\u00f5i kulleri tasu kokkuleppel kliendiga.<\/p>\n<p>Tarneaeg on laokaupadele 2-3 p\u00e4eva, valmistatavale tootele hinnanguliselt 2-14 p\u00e4eva. T\u00e4psustame enne tellimuse kinnitamist.<\/p>\n","protected":false},"featured_media":165,"comment_status":"open","ping_status":"closed","template":"","meta":{"slim_seo":{"title":"Osavusm\u00e4ng Slaalom - JAANI SAUNAPOOD","description":"M\u00e4ng on valmistatud puit raamil ja vineerp\u00f5hjal M\u00e4ngulaual takistus avad saab tellida erineva kuju ja suurusega Laua m\u00f5\u00f5dud on 100x160cm, v\u00f5imalik tellida teist"}},"product_brand":[],"product_cat":[23],"product_tag":[],"class_list":{"0":"post-164","1":"product","2":"type-product","3":"status-publish","4":"has-post-thumbnail","6":"product_cat-manguvaljakud","8":"first","9":"instock","10":"shipping-taxable","11":"purchasable","12":"product-type-simple"},"jetpack_sharing_enabled":true,"_links":{"self":[{"href":"https:\/\/vinkler.ee\/en\/wp-json\/wp\/v2\/product\/164","targetHints":{"allow":["GET"]}}],"collection":[{"href":"https:\/\/vinkler.ee\/en\/wp-json\/wp\/v2\/product"}],"about":[{"href":"https:\/\/vinkler.ee\/en\/wp-json\/wp\/v2\/types\/product"}],"replies":[{"embeddable":true,"href":"https:\/\/vinkler.ee\/en\/wp-json\/wp\/v2\/comments?post=164"}],"wp:featuredmedia":[{"embeddable":true,"href":"https:\/\/vinkler.ee\/en\/wp-json\/wp\/v2\/media\/165"}],"wp:attachment":[{"href":"https:\/\/vinkler.ee\/en\/wp-json\/wp\/v2\/media?parent=164"}],"wp:term":[{"taxonomy":"product_brand","embeddable":true,"href":"https:\/\/vinkler.ee\/en\/wp-json\/wp\/v2\/product_brand?post=164"},{"taxonomy":"product_cat","embeddable":true,"href":"https:\/\/vinkler.ee\/en\/wp-json\/wp\/v2\/product_cat?post=164"},{"taxonomy":"product_tag","embeddable":true,"href":"https:\/\/vinkler.ee\/en\/wp-json\/wp\/v2\/product_tag?post=164"}],"curies":[{"name":"wp","href":"https:\/\/api.w.org\/{rel}","templated":true}]}}