{"id":157,"date":"2022-12-09T21:50:26","date_gmt":"2022-12-09T19:50:26","guid":{"rendered":"https:\/\/vinkler.ee\/?post_type=product&#038;p=157"},"modified":"2022-12-09T21:54:05","modified_gmt":"2022-12-09T19:54:05","slug":"osavusmang-kaelkirjak","status":"publish","type":"product","link":"https:\/\/vinkler.ee\/en\/toode\/osavusmang-kaelkirjak\/","title":{"rendered":"Osavusm\u00e4ng Kaelkirjak"},"content":{"rendered":"","protected":false},"excerpt":{"rendered":"<p>M\u00e4ngu m\u00f5\u00f5tmed on 180x120cm<br \/>\n V\u00e4ga hea vabaaja veetmis v\u00f5imalus s\u00f5pradega.<br \/>\nL\u00fchitutvustus: N\u00f6\u00f6rid v\u00f5etakse m\u00f5lemasse k\u00e4tte ja nende abil tuleb kuul toimetada takistustest m\u00f6\u00f6da \u00fclemistesse avadesse.<\/p>\n<p>Tellimusele on v\u00f5imalus ise j\u00e4rele tulla v\u00f5i lepime kokku tarnes.<br \/>\nKliendi soovil toome kaubad ise kohale v\u00f5i saadame kulleriga.<br \/>\nLisandub transpordi v\u00f5i kulleri tasu kokkuleppel kliendiga.<\/p>\n<p>Tarneaeg on laokaupadele 2-3 p\u00e4eva, valmistatavale tootele hinnanguliselt 2-14 p\u00e4eva. T\u00e4psustame enne tellimuse kinnitamist.<\/p>\n","protected":false},"featured_media":158,"comment_status":"open","ping_status":"closed","template":"","meta":{"slim_seo":{"title":"Osavusm\u00e4ng Kaelkirjak - JAANI SAUNAPOOD","description":"M\u00e4ngu m\u00f5\u00f5tmed on 180x120cm V\u00e4ga hea vabaaja veetmis v\u00f5imalus s\u00f5pradega. L\u00fchitutvustus: N\u00f6\u00f6rid v\u00f5etakse m\u00f5lemasse k\u00e4tte ja nende abil tuleb kuul toimetada takist"}},"product_brand":[],"product_cat":[23],"product_tag":[],"class_list":{"0":"post-157","1":"product","2":"type-product","3":"status-publish","4":"has-post-thumbnail","6":"product_cat-manguvaljakud","8":"first","9":"instock","10":"shipping-taxable","11":"purchasable","12":"product-type-simple"},"jetpack_sharing_enabled":true,"_links":{"self":[{"href":"https:\/\/vinkler.ee\/en\/wp-json\/wp\/v2\/product\/157","targetHints":{"allow":["GET"]}}],"collection":[{"href":"https:\/\/vinkler.ee\/en\/wp-json\/wp\/v2\/product"}],"about":[{"href":"https:\/\/vinkler.ee\/en\/wp-json\/wp\/v2\/types\/product"}],"replies":[{"embeddable":true,"href":"https:\/\/vinkler.ee\/en\/wp-json\/wp\/v2\/comments?post=157"}],"wp:featuredmedia":[{"embeddable":true,"href":"https:\/\/vinkler.ee\/en\/wp-json\/wp\/v2\/media\/158"}],"wp:attachment":[{"href":"https:\/\/vinkler.ee\/en\/wp-json\/wp\/v2\/media?parent=157"}],"wp:term":[{"taxonomy":"product_brand","embeddable":true,"href":"https:\/\/vinkler.ee\/en\/wp-json\/wp\/v2\/product_brand?post=157"},{"taxonomy":"product_cat","embeddable":true,"href":"https:\/\/vinkler.ee\/en\/wp-json\/wp\/v2\/product_cat?post=157"},{"taxonomy":"product_tag","embeddable":true,"href":"https:\/\/vinkler.ee\/en\/wp-json\/wp\/v2\/product_tag?post=157"}],"curies":[{"name":"wp","href":"https:\/\/api.w.org\/{rel}","templated":true}]}}