{"id":148,"date":"2022-12-09T16:29:08","date_gmt":"2022-12-09T14:29:08","guid":{"rendered":"https:\/\/vinkler.ee\/?post_type=product&#038;p=148"},"modified":"2022-12-09T16:38:15","modified_gmt":"2022-12-09T14:38:15","slug":"rippuv-lae-valgusti-3lambiga","status":"publish","type":"product","link":"https:\/\/vinkler.ee\/en\/toode\/rippuv-lae-valgusti-3lambiga\/","title":{"rendered":"Laevalgusti 3 lambiga"},"content":{"rendered":"","protected":false},"excerpt":{"rendered":"<p>Vannutatud m\u00e4nni puidust kolme E27 pirniga.<br \/>\nLambi pirnid ei kuulu komplekti.<br \/>\nV\u00f5imalik tellida ka teisi v\u00e4rvitoone.<\/p>\n<p>Tellimusele on v\u00f5imalus ise j\u00e4rele tulla v\u00f5i lepime kokku tarnes.<br \/>\nKliendi soovil toome kaubad ise kohale v\u00f5i saadame kulleriga.<br \/>\nLisandub transpordi v\u00f5i kulleri tasu kokkuleppel kliendiga.<\/p>\n<p>Tarneaeg on laokaupadele 2-3 p\u00e4eva, valmistatavale tootele hinnanguliselt 2-14 p\u00e4eva. T\u00e4psustame enne tellimuse kinnitamist.<\/p>\n","protected":false},"featured_media":149,"comment_status":"open","ping_status":"closed","template":"","meta":{"slim_seo":{"title":"Laevalgusti 3 lambiga - JAANI SAUNAPOOD","description":"Vannutatud m\u00e4nni puidust kolme E27 pirniga. Lambi pirnid ei kuulu komplekti. V\u00f5imalik tellida ka teisi v\u00e4rvitoone. Tellimusele on v\u00f5imalus ise j\u00e4rele tulla v\u00f5i"}},"product_brand":[],"product_cat":[18],"product_tag":[],"class_list":{"0":"post-148","1":"product","2":"type-product","3":"status-publish","4":"has-post-thumbnail","6":"product_cat-sisustus-tooted","8":"first","9":"instock","10":"shipping-taxable","11":"purchasable","12":"product-type-simple"},"jetpack_sharing_enabled":true,"_links":{"self":[{"href":"https:\/\/vinkler.ee\/en\/wp-json\/wp\/v2\/product\/148","targetHints":{"allow":["GET"]}}],"collection":[{"href":"https:\/\/vinkler.ee\/en\/wp-json\/wp\/v2\/product"}],"about":[{"href":"https:\/\/vinkler.ee\/en\/wp-json\/wp\/v2\/types\/product"}],"replies":[{"embeddable":true,"href":"https:\/\/vinkler.ee\/en\/wp-json\/wp\/v2\/comments?post=148"}],"wp:featuredmedia":[{"embeddable":true,"href":"https:\/\/vinkler.ee\/en\/wp-json\/wp\/v2\/media\/149"}],"wp:attachment":[{"href":"https:\/\/vinkler.ee\/en\/wp-json\/wp\/v2\/media?parent=148"}],"wp:term":[{"taxonomy":"product_brand","embeddable":true,"href":"https:\/\/vinkler.ee\/en\/wp-json\/wp\/v2\/product_brand?post=148"},{"taxonomy":"product_cat","embeddable":true,"href":"https:\/\/vinkler.ee\/en\/wp-json\/wp\/v2\/product_cat?post=148"},{"taxonomy":"product_tag","embeddable":true,"href":"https:\/\/vinkler.ee\/en\/wp-json\/wp\/v2\/product_tag?post=148"}],"curies":[{"name":"wp","href":"https:\/\/api.w.org\/{rel}","templated":true}]}}