{"id":141,"date":"2022-10-17T14:03:53","date_gmt":"2022-10-17T11:03:53","guid":{"rendered":"https:\/\/vinkler.ee\/?post_type=product&#038;p=141"},"modified":"2023-09-18T16:46:26","modified_gmt":"2023-09-18T13:46:26","slug":"vaike-serveerimisalus","status":"publish","type":"product","link":"https:\/\/vinkler.ee\/en\/toode\/vaike-serveerimisalus\/","title":{"rendered":"V\u00e4ike serveerimisalus"},"content":{"rendered":"","protected":false},"excerpt":{"rendered":"<p>Hea valik v\u00f5ileiva v\u00f5i muu sn\u00e4ki serveerimisel kohvi v\u00f5i tee k\u00f5rvale<\/p>\n<p>Valmistatud lepapuust ja viimistletud lina\u00f5liga. Pikkused ca 30-40cm<\/p>\n<p>Tellimusele on v\u00f5imalus ise j\u00e4rele tulla v\u00f5i lepime kokku tarnes.<br \/>\nKliendi soovil toome kaubad ise kohale v\u00f5i saadame kulleriga.<br \/>\nLisandub transpordi v\u00f5i kulleri tasu kokkuleppel kliendiga.<\/p>\n<p>Tarneaeg on laokaupadele 2-3 p\u00e4eva, valmistatavale tootele hinnanguliselt 2-14 p\u00e4eva. T\u00e4psustame enne tellimuse kinnitamist.<\/p>\n","protected":false},"featured_media":142,"comment_status":"open","ping_status":"closed","template":"","meta":{"slim_seo":{"title":"V\u00e4ike serveerimisalus - JAANI SAUNAPOOD","description":"Hea valik v\u00f5ileiva v\u00f5i muu sn\u00e4ki serveerimisel kohvi v\u00f5i tee k\u00f5rvale Valmistatud lepapuust ja viimistletud lina\u00f5liga. Pikkused ca 30-40cm Tellimusele on v\u00f5imalu"}},"product_brand":[],"product_cat":[27],"product_tag":[],"class_list":{"0":"post-141","1":"product","2":"type-product","3":"status-publish","4":"has-post-thumbnail","6":"product_cat-kandikud-serveerimis-alused","8":"first","9":"instock","10":"sale","11":"shipping-taxable","12":"purchasable","13":"product-type-simple"},"jetpack_sharing_enabled":true,"_links":{"self":[{"href":"https:\/\/vinkler.ee\/en\/wp-json\/wp\/v2\/product\/141","targetHints":{"allow":["GET"]}}],"collection":[{"href":"https:\/\/vinkler.ee\/en\/wp-json\/wp\/v2\/product"}],"about":[{"href":"https:\/\/vinkler.ee\/en\/wp-json\/wp\/v2\/types\/product"}],"replies":[{"embeddable":true,"href":"https:\/\/vinkler.ee\/en\/wp-json\/wp\/v2\/comments?post=141"}],"wp:featuredmedia":[{"embeddable":true,"href":"https:\/\/vinkler.ee\/en\/wp-json\/wp\/v2\/media\/142"}],"wp:attachment":[{"href":"https:\/\/vinkler.ee\/en\/wp-json\/wp\/v2\/media?parent=141"}],"wp:term":[{"taxonomy":"product_brand","embeddable":true,"href":"https:\/\/vinkler.ee\/en\/wp-json\/wp\/v2\/product_brand?post=141"},{"taxonomy":"product_cat","embeddable":true,"href":"https:\/\/vinkler.ee\/en\/wp-json\/wp\/v2\/product_cat?post=141"},{"taxonomy":"product_tag","embeddable":true,"href":"https:\/\/vinkler.ee\/en\/wp-json\/wp\/v2\/product_tag?post=141"}],"curies":[{"name":"wp","href":"https:\/\/api.w.org\/{rel}","templated":true}]}}