{"id":139,"date":"2022-10-17T13:52:01","date_gmt":"2022-10-17T10:52:01","guid":{"rendered":"https:\/\/vinkler.ee\/?post_type=product&#038;p=139"},"modified":"2022-12-09T16:14:33","modified_gmt":"2022-12-09T14:14:33","slug":"suur-serveerimisalus","status":"publish","type":"product","link":"https:\/\/vinkler.ee\/en\/toode\/suur-serveerimisalus\/","title":{"rendered":"Suur serveerimisalus"},"content":{"rendered":"","protected":false},"excerpt":{"rendered":"<p>Hea valik liha v\u00f5i grilli serveerimisel.<\/p>\n<p>Valmistatud kasepuust, pikkus ca 45cm ja laius ca 30cm. Viimistletud lina\u00f5liga.<\/p>\n<p>Tellimusele on v\u00f5imalus ise j\u00e4rele tulla v\u00f5i lepime kokku tarnes.<br \/>\nKliendi soovil toome kaubad ise kohale v\u00f5i saadame kulleriga.<br \/>\nLisandub transpordi v\u00f5i kulleri tasu kokkuleppel kliendiga.<\/p>\n<p>Tarneaeg on laokaupadele 2-3 p\u00e4eva, valmistatavale tootele hinnanguliselt 2-14 p\u00e4eva. T\u00e4psustame enne tellimuse kinnitamist.<\/p>\n","protected":false},"featured_media":140,"comment_status":"open","ping_status":"closed","template":"","meta":{"slim_seo":{"title":"Suur serveerimisalus - JAANI SAUNAPOOD","description":"Hea valik liha v\u00f5i grilli serveerimisel. Valmistatud kasepuust, pikkus ca 45cm ja laius ca 30cm. Viimistletud lina\u00f5liga. Tellimusele on v\u00f5imalus ise j\u00e4rele tull"}},"product_brand":[],"product_cat":[25],"product_tag":[],"class_list":{"0":"post-139","1":"product","2":"type-product","3":"status-publish","4":"has-post-thumbnail","6":"product_cat-muud-kasitoo-tooted","8":"first","9":"instock","10":"shipping-taxable","11":"purchasable","12":"product-type-simple"},"jetpack_sharing_enabled":true,"_links":{"self":[{"href":"https:\/\/vinkler.ee\/en\/wp-json\/wp\/v2\/product\/139","targetHints":{"allow":["GET"]}}],"collection":[{"href":"https:\/\/vinkler.ee\/en\/wp-json\/wp\/v2\/product"}],"about":[{"href":"https:\/\/vinkler.ee\/en\/wp-json\/wp\/v2\/types\/product"}],"replies":[{"embeddable":true,"href":"https:\/\/vinkler.ee\/en\/wp-json\/wp\/v2\/comments?post=139"}],"wp:featuredmedia":[{"embeddable":true,"href":"https:\/\/vinkler.ee\/en\/wp-json\/wp\/v2\/media\/140"}],"wp:attachment":[{"href":"https:\/\/vinkler.ee\/en\/wp-json\/wp\/v2\/media?parent=139"}],"wp:term":[{"taxonomy":"product_brand","embeddable":true,"href":"https:\/\/vinkler.ee\/en\/wp-json\/wp\/v2\/product_brand?post=139"},{"taxonomy":"product_cat","embeddable":true,"href":"https:\/\/vinkler.ee\/en\/wp-json\/wp\/v2\/product_cat?post=139"},{"taxonomy":"product_tag","embeddable":true,"href":"https:\/\/vinkler.ee\/en\/wp-json\/wp\/v2\/product_tag?post=139"}],"curies":[{"name":"wp","href":"https:\/\/api.w.org\/{rel}","templated":true}]}}