{"id":137,"date":"2022-10-17T13:47:15","date_gmt":"2022-10-17T10:47:15","guid":{"rendered":"https:\/\/vinkler.ee\/?post_type=product&#038;p=137"},"modified":"2022-12-09T20:43:35","modified_gmt":"2022-12-09T18:43:35","slug":"kirves-puidust","status":"publish","type":"product","link":"https:\/\/vinkler.ee\/en\/toode\/kirves-puidust\/","title":{"rendered":"Kirves puidust"},"content":{"rendered":"","protected":false},"excerpt":{"rendered":"<p>Ideaalne kingitus, kui soovid s\u00f5brale meelde j\u00e4\u00e4da millegagi erilisega.<\/p>\n<p>Pikkus kirvel ca 42cm. Viimistletud lina\u00f5liga, seega v\u00f5imalik kasutada toiduainete k\u00e4sitlemisel.<\/p>\n<p>Tellimusele on v\u00f5imalus ise j\u00e4rele tulla v\u00f5i lepime kokku tarnes.<br \/>\nKliendi soovil toome kaubad ise kohale v\u00f5i saadame kulleriga.<br \/>\nLisandub transpordi v\u00f5i kulleri tasu kokkuleppel kliendiga.<\/p>\n<p>Tarneaeg on laokaupadele 2-3 p\u00e4eva, valmistatavale tootele hinnanguliselt 2-14 p\u00e4eva. T\u00e4psustame enne tellimuse kinnitamist.<\/p>\n","protected":false},"featured_media":138,"comment_status":"open","ping_status":"closed","template":"","meta":{"slim_seo":{"title":"Kirves puidust - JAANI SAUNAPOOD","description":"Ideaalne kingitus, kui soovid s\u00f5brale meelde j\u00e4\u00e4da millegagi erilisega. Pikkus kirvel ca 42cm. Viimistletud lina\u00f5liga, seega v\u00f5imalik kasutada toiduainete k\u00e4sit"}},"product_brand":[],"product_cat":[25],"product_tag":[],"class_list":{"0":"post-137","1":"product","2":"type-product","3":"status-publish","4":"has-post-thumbnail","6":"product_cat-muud-kasitoo-tooted","8":"first","9":"instock","10":"sale","11":"shipping-taxable","12":"purchasable","13":"product-type-simple"},"jetpack_sharing_enabled":true,"_links":{"self":[{"href":"https:\/\/vinkler.ee\/en\/wp-json\/wp\/v2\/product\/137","targetHints":{"allow":["GET"]}}],"collection":[{"href":"https:\/\/vinkler.ee\/en\/wp-json\/wp\/v2\/product"}],"about":[{"href":"https:\/\/vinkler.ee\/en\/wp-json\/wp\/v2\/types\/product"}],"replies":[{"embeddable":true,"href":"https:\/\/vinkler.ee\/en\/wp-json\/wp\/v2\/comments?post=137"}],"wp:featuredmedia":[{"embeddable":true,"href":"https:\/\/vinkler.ee\/en\/wp-json\/wp\/v2\/media\/138"}],"wp:attachment":[{"href":"https:\/\/vinkler.ee\/en\/wp-json\/wp\/v2\/media?parent=137"}],"wp:term":[{"taxonomy":"product_brand","embeddable":true,"href":"https:\/\/vinkler.ee\/en\/wp-json\/wp\/v2\/product_brand?post=137"},{"taxonomy":"product_cat","embeddable":true,"href":"https:\/\/vinkler.ee\/en\/wp-json\/wp\/v2\/product_cat?post=137"},{"taxonomy":"product_tag","embeddable":true,"href":"https:\/\/vinkler.ee\/en\/wp-json\/wp\/v2\/product_tag?post=137"}],"curies":[{"name":"wp","href":"https:\/\/api.w.org\/{rel}","templated":true}]}}