{"id":132,"date":"2022-10-17T13:36:53","date_gmt":"2022-10-17T10:36:53","guid":{"rendered":"https:\/\/vinkler.ee\/?post_type=product&#038;p=132"},"modified":"2023-09-18T23:47:01","modified_gmt":"2023-09-18T20:47:01","slug":"kandikud","status":"publish","type":"product","link":"https:\/\/vinkler.ee\/en\/toode\/kandikud\/","title":{"rendered":"Kandikud"},"content":{"rendered":"","protected":false},"excerpt":{"rendered":"<p>Valmistatud peamiselt kasepuust ja viimistletud lina\u00f5liga, mis toob eriti h\u00e4sti esile kase struktuuri. Kandiku pikkused on ca 50 cm ja laiused varieeruvad 22-28 cm, s\u00f5ltuvalt materjalist.<\/p>\n<p>Tellimusele on v\u00f5imalus ise j\u00e4rele tulla v\u00f5i lepime kokku tarnes.<br \/>\nKliendi soovil toome kaubad ise kohale v\u00f5i saadame kulleriga.<br \/>\nLisandub transpordi v\u00f5i kulleri tasu kokkuleppel kliendiga.<\/p>\n<p>Tarneaeg on laokaupadele 2-3 p\u00e4eva, valmistatavale tootele hinnanguliselt 2-14 p\u00e4eva. T\u00e4psustame enne tellimuse kinnitamist.<\/p>\n","protected":false},"featured_media":133,"comment_status":"open","ping_status":"closed","template":"","meta":{"slim_seo":{"title":"Kandikud - JAANI SAUNAPOOD","description":"Valmistatud peamiselt kasepuust ja viimistletud lina\u00f5liga, mis toob eriti h\u00e4sti esile kase struktuuri. Kandiku pikkused on ca 50 cm ja laiused varieeruvad 22-28"}},"product_brand":[],"product_cat":[27],"product_tag":[],"class_list":{"0":"post-132","1":"product","2":"type-product","3":"status-publish","4":"has-post-thumbnail","6":"product_cat-kandikud-serveerimis-alused","8":"first","9":"instock","10":"sale","11":"shipping-taxable","12":"purchasable","13":"product-type-simple"},"jetpack_sharing_enabled":true,"_links":{"self":[{"href":"https:\/\/vinkler.ee\/en\/wp-json\/wp\/v2\/product\/132","targetHints":{"allow":["GET"]}}],"collection":[{"href":"https:\/\/vinkler.ee\/en\/wp-json\/wp\/v2\/product"}],"about":[{"href":"https:\/\/vinkler.ee\/en\/wp-json\/wp\/v2\/types\/product"}],"replies":[{"embeddable":true,"href":"https:\/\/vinkler.ee\/en\/wp-json\/wp\/v2\/comments?post=132"}],"wp:featuredmedia":[{"embeddable":true,"href":"https:\/\/vinkler.ee\/en\/wp-json\/wp\/v2\/media\/133"}],"wp:attachment":[{"href":"https:\/\/vinkler.ee\/en\/wp-json\/wp\/v2\/media?parent=132"}],"wp:term":[{"taxonomy":"product_brand","embeddable":true,"href":"https:\/\/vinkler.ee\/en\/wp-json\/wp\/v2\/product_brand?post=132"},{"taxonomy":"product_cat","embeddable":true,"href":"https:\/\/vinkler.ee\/en\/wp-json\/wp\/v2\/product_cat?post=132"},{"taxonomy":"product_tag","embeddable":true,"href":"https:\/\/vinkler.ee\/en\/wp-json\/wp\/v2\/product_tag?post=132"}],"curies":[{"name":"wp","href":"https:\/\/api.w.org\/{rel}","templated":true}]}}