{"id":122,"date":"2022-10-10T01:58:02","date_gmt":"2022-10-09T22:58:02","guid":{"rendered":"https:\/\/vinkler.ee\/?post_type=product&#038;p=122"},"modified":"2022-12-09T20:53:11","modified_gmt":"2022-12-09T18:53:11","slug":"laste-pink","status":"publish","type":"product","link":"https:\/\/vinkler.ee\/en\/toode\/laste-pink\/","title":{"rendered":"Laste pink"},"content":{"rendered":"","protected":false},"excerpt":{"rendered":"<p>Madal ja v\u00e4ga tugev puidust pink. Jalad looduslikust \u00fcmarpuidust, plaadiks servamatta puiduplank.<br \/>\nKaalult kannatab ka 100+ kg t\u00e4iskasvanuid.<br \/>\nViimistlusena vanutatud puit ja lakitud.<\/p>\n<p>M\u00f5\u00f5tmed: 15x20x18cm<\/p>\n<p>Tellimusele on v\u00f5imalus ise j\u00e4rele tulla v\u00f5i lepime kokku tarnes.<br \/>\nKliendi soovil toome kaubad ise kohale v\u00f5i saadame kulleriga.<br \/>\nLisandub transpordi v\u00f5i kulleri tasu kokkuleppel kliendiga.<\/p>\n<p>Tarneaeg on laokaupadele 2-3 p\u00e4eva, valmistatavale tootele hinnanguliselt 2-14 p\u00e4eva. T\u00e4psustame enne tellimuse kinnitamist.<\/p>\n","protected":false},"featured_media":123,"comment_status":"open","ping_status":"closed","template":"","meta":{"slim_seo":{"title":"Laste pink - JAANI SAUNAPOOD","description":"Madal ja v\u00e4ga tugev puidust pink. Jalad looduslikust \u00fcmarpuidust, plaadiks servamatta puiduplank. Kaalult kannatab ka 100+ kg t\u00e4iskasvanuid. Viimistlusena vanut"}},"product_brand":[],"product_cat":[20],"product_tag":[],"class_list":{"0":"post-122","1":"product","2":"type-product","3":"status-publish","4":"has-post-thumbnail","6":"product_cat-toolid-ja-pingid","8":"first","9":"instock","10":"shipping-taxable","11":"purchasable","12":"product-type-simple"},"jetpack_sharing_enabled":true,"_links":{"self":[{"href":"https:\/\/vinkler.ee\/en\/wp-json\/wp\/v2\/product\/122","targetHints":{"allow":["GET"]}}],"collection":[{"href":"https:\/\/vinkler.ee\/en\/wp-json\/wp\/v2\/product"}],"about":[{"href":"https:\/\/vinkler.ee\/en\/wp-json\/wp\/v2\/types\/product"}],"replies":[{"embeddable":true,"href":"https:\/\/vinkler.ee\/en\/wp-json\/wp\/v2\/comments?post=122"}],"wp:featuredmedia":[{"embeddable":true,"href":"https:\/\/vinkler.ee\/en\/wp-json\/wp\/v2\/media\/123"}],"wp:attachment":[{"href":"https:\/\/vinkler.ee\/en\/wp-json\/wp\/v2\/media?parent=122"}],"wp:term":[{"taxonomy":"product_brand","embeddable":true,"href":"https:\/\/vinkler.ee\/en\/wp-json\/wp\/v2\/product_brand?post=122"},{"taxonomy":"product_cat","embeddable":true,"href":"https:\/\/vinkler.ee\/en\/wp-json\/wp\/v2\/product_cat?post=122"},{"taxonomy":"product_tag","embeddable":true,"href":"https:\/\/vinkler.ee\/en\/wp-json\/wp\/v2\/product_tag?post=122"}],"curies":[{"name":"wp","href":"https:\/\/api.w.org\/{rel}","templated":true}]}}