{"id":114,"date":"2022-10-10T01:28:44","date_gmt":"2022-10-09T22:28:44","guid":{"rendered":"https:\/\/vinkler.ee\/?post_type=product&#038;p=114"},"modified":"2023-06-27T23:30:12","modified_gmt":"2023-06-27T20:30:12","slug":"lillekaru","status":"publish","type":"product","link":"https:\/\/vinkler.ee\/en\/toode\/lillekaru\/","title":{"rendered":"Lillek\u00e4ru"},"content":{"rendered":"","protected":false},"excerpt":{"rendered":"<p>Lillek\u00e4ru sobib ideaalselt aeda dekoratsiooni elemendiks. Samuti v\u00f5ib kasutada toas asjade hoiustamiseks, n\u00e4iteks m\u00e4nguasjade korvina.<\/p>\n<p>Kastim\u00f5\u00f5tmed: ca 52x38x22cm<\/p>\n<p>Viimistletud Teak Oil puidu\u00f5liga<\/p>\n<p>Tellimusele on v\u00f5imalus ise j\u00e4rele tulla v\u00f5i lepime kokku tarnes.<br \/>\nKliendi soovil toome kaubad ise kohale v\u00f5i saadame kulleriga.<br \/>\nLisandub transpordi v\u00f5i kulleri tasu kokkuleppel kliendiga.<\/p>\n<p>Tarneaeg on laokaupadele 2-3 p\u00e4eva, valmistatavale tootele hinnanguliselt 2-14 p\u00e4eva. T\u00e4psustame enne tellimuse kinnitamist.<\/p>\n","protected":false},"featured_media":115,"comment_status":"open","ping_status":"closed","template":"","meta":{"slim_seo":{"title":"Lillek\u00e4ru - JAANI SAUNAPOOD","description":"Lillek\u00e4ru sobib ideaalselt aeda dekoratsiooni elemendiks. Samuti v\u00f5ib kasutada toas asjade hoiustamiseks, n\u00e4iteks m\u00e4nguasjade korvina. Kastim\u00f5\u00f5tmed: ca 52x38x22"}},"product_brand":[],"product_cat":[26],"product_tag":[],"class_list":{"0":"post-114","1":"product","2":"type-product","3":"status-publish","4":"has-post-thumbnail","6":"product_cat-lillekastid","8":"first","9":"instock","10":"sale","11":"shipping-taxable","12":"purchasable","13":"product-type-simple"},"jetpack_sharing_enabled":true,"_links":{"self":[{"href":"https:\/\/vinkler.ee\/en\/wp-json\/wp\/v2\/product\/114","targetHints":{"allow":["GET"]}}],"collection":[{"href":"https:\/\/vinkler.ee\/en\/wp-json\/wp\/v2\/product"}],"about":[{"href":"https:\/\/vinkler.ee\/en\/wp-json\/wp\/v2\/types\/product"}],"replies":[{"embeddable":true,"href":"https:\/\/vinkler.ee\/en\/wp-json\/wp\/v2\/comments?post=114"}],"wp:featuredmedia":[{"embeddable":true,"href":"https:\/\/vinkler.ee\/en\/wp-json\/wp\/v2\/media\/115"}],"wp:attachment":[{"href":"https:\/\/vinkler.ee\/en\/wp-json\/wp\/v2\/media?parent=114"}],"wp:term":[{"taxonomy":"product_brand","embeddable":true,"href":"https:\/\/vinkler.ee\/en\/wp-json\/wp\/v2\/product_brand?post=114"},{"taxonomy":"product_cat","embeddable":true,"href":"https:\/\/vinkler.ee\/en\/wp-json\/wp\/v2\/product_cat?post=114"},{"taxonomy":"product_tag","embeddable":true,"href":"https:\/\/vinkler.ee\/en\/wp-json\/wp\/v2\/product_tag?post=114"}],"curies":[{"name":"wp","href":"https:\/\/api.w.org\/{rel}","templated":true}]}}